{"id":1955,"date":"2022-11-14T10:14:22","date_gmt":"2022-11-14T09:14:22","guid":{"rendered":"https:\/\/www.fromagerieantony.fr\/die-kaeseteller\/"},"modified":"2025-08-14T10:40:00","modified_gmt":"2025-08-14T08:40:00","slug":"die-kaeseteller","status":"publish","type":"page","link":"https:\/\/www.fromagerieantony.fr\/de\/die-kaeseteller\/","title":{"rendered":"Die K\u00e4seteller"},"content":{"rendered":"<style>.kadence-column53_92b4f7-f1 > .kt-inside-inner-col,.kadence-column53_92b4f7-f1 > .kt-inside-inner-col:before{border-top-left-radius:0px;border-top-right-radius:0px;border-bottom-right-radius:0px;border-bottom-left-radius:0px;}.kadence-column53_92b4f7-f1 > .kt-inside-inner-col{column-gap:var(--global-kb-gap-sm, 1rem);}.kadence-column53_92b4f7-f1 > .kt-inside-inner-col{flex-direction:column;}.kadence-column53_92b4f7-f1 > .kt-inside-inner-col > .aligncenter{width:100%;}.kadence-column53_92b4f7-f1 > .kt-inside-inner-col:before{opacity:0.3;}.kadence-column53_92b4f7-f1{position:relative;}.kadence-column53_92b4f7-f1, .kt-inside-inner-col > .kadence-column53_92b4f7-f1:not(.specificity){margin-right:1.7%;margin-left:1.7%;}@media all and (max-width: 1024px){.kadence-column53_92b4f7-f1 > .kt-inside-inner-col{flex-direction:column;justify-content:center;}}@media all and (max-width: 767px){.kadence-column53_92b4f7-f1 > .kt-inside-inner-col{flex-direction:column;justify-content:center;}}<\/style>\n<div class=\"wp-block-kadence-column kadence-column53_92b4f7-f1 inner-column-1\" id=\"banniere\"><div class=\"kt-inside-inner-col\">\n<div class=\"wp-block-cover is-light\"><img loading=\"lazy\" decoding=\"async\" width=\"2472\" height=\"570\" class=\"wp-block-cover__image-background wp-image-847\" alt=\"\" src=\"https:\/\/www.fromagerieantony.fr\/wp-content\/uploads\/2023\/08\/banner_page-assiette.jpg\" data-object-fit=\"cover\" srcset=\"https:\/\/www.fromagerieantony.fr\/wp-content\/uploads\/2023\/08\/banner_page-assiette.jpg 2472w, https:\/\/www.fromagerieantony.fr\/wp-content\/uploads\/2023\/08\/banner_page-assiette-610x141.jpg 610w, https:\/\/www.fromagerieantony.fr\/wp-content\/uploads\/2023\/08\/banner_page-assiette-1730x399.jpg 1730w, https:\/\/www.fromagerieantony.fr\/wp-content\/uploads\/2023\/08\/banner_page-assiette-768x177.jpg 768w, https:\/\/www.fromagerieantony.fr\/wp-content\/uploads\/2023\/08\/banner_page-assiette-1536x354.jpg 1536w, https:\/\/www.fromagerieantony.fr\/wp-content\/uploads\/2023\/08\/banner_page-assiette-2048x472.jpg 2048w, https:\/\/www.fromagerieantony.fr\/wp-content\/uploads\/2023\/08\/banner_page-assiette-500x115.jpg 500w, https:\/\/www.fromagerieantony.fr\/wp-content\/uploads\/2023\/08\/banner_page-assiette-800x184.jpg 800w, https:\/\/www.fromagerieantony.fr\/wp-content\/uploads\/2023\/08\/banner_page-assiette-1280x295.jpg 1280w, https:\/\/www.fromagerieantony.fr\/wp-content\/uploads\/2023\/08\/banner_page-assiette-1920x443.jpg 1920w, https:\/\/www.fromagerieantony.fr\/wp-content\/uploads\/2023\/08\/banner_page-assiette-825x190.jpg 825w\" sizes=\"auto, (max-width: 2472px) 100vw, 2472px\" \/><span aria-hidden=\"true\" class=\"wp-block-cover__background has-background-dim-0 has-background-dim\"><\/span><div class=\"wp-block-cover__inner-container is-layout-flow wp-block-cover-is-layout-flow\">\n<p class=\"has-text-align-center has-large-font-size\"><\/p>\n<\/div><\/div>\n<\/div><\/div>\n\n<div style=\"height:40px\" aria-hidden=\"true\" class=\"wp-block-spacer\"><\/div>\n\n<div class=\"wp-block-group wrap\"><div class=\"wp-block-group__inner-container is-layout-constrained wp-block-group-is-layout-constrained\">\n<h1 class=\"wp-block-heading has-text-align-center has-kb-palette-1-color has-text-color\">Die K\u00e4seteller<\/h1>\n\n\n\n<p class=\"has-text-align-center\">Eine gesellige Art, unser Know-how bei einer Auswahl unserer Wahl mit saisonalen K\u00e4sesorten zu entdecken. Die etwa neun Sorten decken die verschiedenen K\u00e4sefamilien und Milcharten ab. Ein angenehmer kleiner Imbiss f\u00fcr Feinschmecker.<\/p>\n<\/div><\/div>\n<style>.kb-row-layout-id53_ee8479-64 > .kt-row-column-wrap{align-content:center;}:where(.kb-row-layout-id53_ee8479-64 > .kt-row-column-wrap) > .wp-block-kadence-column{justify-content:center;}.kb-row-layout-id53_ee8479-64 > .kt-row-column-wrap{column-gap:var(--global-kb-gap-md, 2rem);row-gap:var(--global-kb-gap-md, 2rem);padding-top:var(--global-kb-spacing-sm, 1.5rem);padding-bottom:var(--global-kb-spacing-sm, 1.5rem);grid-template-columns:minmax(0, 1fr) minmax(0, 2fr);}.kb-row-layout-id53_ee8479-64 > .kt-row-layout-overlay{opacity:0.30;}@media all and (max-width: 1024px){.kb-row-layout-id53_ee8479-64 > .kt-row-column-wrap{grid-template-columns:minmax(0, 1fr) minmax(0, 2fr);}}@media all and (max-width: 767px){.kb-row-layout-id53_ee8479-64 > .kt-row-column-wrap{grid-template-columns:minmax(0, 1fr);}}<\/style><div class=\"kb-row-layout-wrap kb-row-layout-id53_ee8479-64 alignnone wrap wp-block-kadence-rowlayout\"><div class=\"kt-row-column-wrap kt-has-2-columns kt-row-layout-right-golden kt-tab-layout-inherit kt-mobile-layout-row kt-row-valign-middle\">\n<style>.kadence-column53_f1905a-80 > .kt-inside-inner-col,.kadence-column53_f1905a-80 > .kt-inside-inner-col:before{border-top-left-radius:0px;border-top-right-radius:0px;border-bottom-right-radius:0px;border-bottom-left-radius:0px;}.kadence-column53_f1905a-80 > .kt-inside-inner-col{column-gap:var(--global-kb-gap-sm, 1rem);}.kadence-column53_f1905a-80 > .kt-inside-inner-col{flex-direction:column;}.kadence-column53_f1905a-80 > .kt-inside-inner-col > .aligncenter{width:100%;}.kadence-column53_f1905a-80 > .kt-inside-inner-col:before{opacity:0.3;}.kadence-column53_f1905a-80{position:relative;}@media all and (max-width: 1024px){.kadence-column53_f1905a-80 > .kt-inside-inner-col{flex-direction:column;justify-content:center;}}@media all and (max-width: 767px){.kadence-column53_f1905a-80 > .kt-inside-inner-col{flex-direction:column;justify-content:center;}}<\/style>\n<div class=\"wp-block-kadence-column kadence-column53_f1905a-80\"><div class=\"kt-inside-inner-col\"><style>.wp-block-kadence-advancedheading.kt-adv-heading53_da69e6-d9, .wp-block-kadence-advancedheading.kt-adv-heading53_da69e6-d9[data-kb-block=\"kb-adv-heading53_da69e6-d9\"]{margin-top:0px;margin-bottom:10px;font-size:1.6em;font-weight:400;font-style:normal;font-family:Karla;}.wp-block-kadence-advancedheading.kt-adv-heading53_da69e6-d9 mark.kt-highlight, .wp-block-kadence-advancedheading.kt-adv-heading53_da69e6-d9[data-kb-block=\"kb-adv-heading53_da69e6-d9\"] mark.kt-highlight{font-style:normal;color:#f76a0c;-webkit-box-decoration-break:clone;box-decoration-break:clone;padding-top:0px;padding-right:0px;padding-bottom:0px;padding-left:0px;}<\/style>\n<h2 class=\"kt-adv-heading53_da69e6-d9 wp-block-kadence-advancedheading has-kb-palette-1-color has-text-color\" data-kb-block=\"kb-adv-heading53_da69e6-d9\">Zeiten<\/h2>\n\n\n\n<p>Teller erh\u00e4ltlich am Mittwoch von 14.00 bis 16.30 Uhr, Donnerstag und Freitag von 10.00 bis 11.30 Uhr und von 14.00 bis 16.30 Uhr.<br\/>Samstag von 10.00 bis 15.00 Uhr.<\/p>\n\n\n\n<p><strong>Achtung <\/strong>: Mit Ausnahme des Samstags sind wir kein Restaurant, das f\u00fcr den Mittagsservice ge\u00f6ffnet ist.<\/p>\n\n\n\n<p><\/p>\n\n\n<style>.wp-block-kadence-advancedheading.kt-adv-heading53_9347f7-dc, .wp-block-kadence-advancedheading.kt-adv-heading53_9347f7-dc[data-kb-block=\"kb-adv-heading53_9347f7-dc\"]{margin-top:0px;margin-bottom:10px;font-size:1.6em;font-weight:400;font-style:normal;font-family:Karla;}.wp-block-kadence-advancedheading.kt-adv-heading53_9347f7-dc mark.kt-highlight, .wp-block-kadence-advancedheading.kt-adv-heading53_9347f7-dc[data-kb-block=\"kb-adv-heading53_9347f7-dc\"] mark.kt-highlight{font-style:normal;color:#f76a0c;-webkit-box-decoration-break:clone;box-decoration-break:clone;padding-top:0px;padding-right:0px;padding-bottom:0px;padding-left:0px;}<\/style>\n<h2 class=\"kt-adv-heading53_9347f7-dc wp-block-kadence-advancedheading has-kb-palette-1-color has-text-color\" data-kb-block=\"kb-adv-heading53_9347f7-dc\">Preis<\/h2>\n\n\n\n<p>20 Euro pro Person.<\/p>\n\n\n<style>.wp-block-kadence-advancedheading.kt-adv-heading53_891240-88, .wp-block-kadence-advancedheading.kt-adv-heading53_891240-88[data-kb-block=\"kb-adv-heading53_891240-88\"]{margin-top:0px;margin-bottom:10px;font-size:1.6em;font-weight:400;font-style:normal;font-family:Karla;}.wp-block-kadence-advancedheading.kt-adv-heading53_891240-88 mark.kt-highlight, .wp-block-kadence-advancedheading.kt-adv-heading53_891240-88[data-kb-block=\"kb-adv-heading53_891240-88\"] mark.kt-highlight{font-style:normal;color:#f76a0c;-webkit-box-decoration-break:clone;box-decoration-break:clone;padding-top:0px;padding-right:0px;padding-bottom:0px;padding-left:0px;}<\/style>\n<h2 class=\"kt-adv-heading53_891240-88 wp-block-kadence-advancedheading has-kb-palette-1-color has-text-color\" data-kb-block=\"kb-adv-heading53_891240-88\">Reservierung<\/h2>\n\n\n\n<p><strong>Diese ist sp\u00e4testens am Vortag erforderlich<\/strong>, damit der K\u00e4se die ideale Serviertemperatur hat.<br\/>F\u00fcr Reservierungen kontaktieren Sie uns bitte per Telefon <strong>+33 (0)3 89 40 42 22<\/strong>, per E-Mail oder \u00fcber das untenstehende Online-Reservierungstool.<\/p>\n<\/div><\/div>\n\n\n<style>.kadence-column53_d1d8f7-c5 > .kt-inside-inner-col,.kadence-column53_d1d8f7-c5 > .kt-inside-inner-col:before{border-top-left-radius:0px;border-top-right-radius:0px;border-bottom-right-radius:0px;border-bottom-left-radius:0px;}.kadence-column53_d1d8f7-c5 > .kt-inside-inner-col{column-gap:var(--global-kb-gap-sm, 1rem);}.kadence-column53_d1d8f7-c5 > .kt-inside-inner-col{flex-direction:column;}.kadence-column53_d1d8f7-c5 > .kt-inside-inner-col > .aligncenter{width:100%;}.kadence-column53_d1d8f7-c5 > .kt-inside-inner-col:before{opacity:0.3;}.kadence-column53_d1d8f7-c5{position:relative;}@media all and (max-width: 1024px){.kadence-column53_d1d8f7-c5 > .kt-inside-inner-col{flex-direction:column;justify-content:center;}}@media all and (max-width: 767px){.kadence-column53_d1d8f7-c5 > .kt-inside-inner-col{flex-direction:column;justify-content:center;}}<\/style>\n<div class=\"wp-block-kadence-column kadence-column53_d1d8f7-c5\"><div class=\"kt-inside-inner-col\">\n<figure class=\"wp-block-image size-full\"><img loading=\"lazy\" decoding=\"async\" width=\"1087\" height=\"789\" src=\"https:\/\/www.fromagerieantony.fr\/wp-content\/uploads\/2023\/10\/FROMAGERIE-ANTONY_bandeau_assiette_degustation.jpg\" alt=\"\" class=\"wp-image-1177\" srcset=\"https:\/\/www.fromagerieantony.fr\/wp-content\/uploads\/2023\/10\/FROMAGERIE-ANTONY_bandeau_assiette_degustation.jpg 1087w, https:\/\/www.fromagerieantony.fr\/wp-content\/uploads\/2023\/10\/FROMAGERIE-ANTONY_bandeau_assiette_degustation-610x443.jpg 610w, https:\/\/www.fromagerieantony.fr\/wp-content\/uploads\/2023\/10\/FROMAGERIE-ANTONY_bandeau_assiette_degustation-768x557.jpg 768w, https:\/\/www.fromagerieantony.fr\/wp-content\/uploads\/2023\/10\/FROMAGERIE-ANTONY_bandeau_assiette_degustation-300x218.jpg 300w, https:\/\/www.fromagerieantony.fr\/wp-content\/uploads\/2023\/10\/FROMAGERIE-ANTONY_bandeau_assiette_degustation-450x327.jpg 450w, https:\/\/www.fromagerieantony.fr\/wp-content\/uploads\/2023\/10\/FROMAGERIE-ANTONY_bandeau_assiette_degustation-500x363.jpg 500w, https:\/\/www.fromagerieantony.fr\/wp-content\/uploads\/2023\/10\/FROMAGERIE-ANTONY_bandeau_assiette_degustation-800x581.jpg 800w, https:\/\/www.fromagerieantony.fr\/wp-content\/uploads\/2023\/10\/FROMAGERIE-ANTONY_bandeau_assiette_degustation-825x599.jpg 825w\" sizes=\"auto, (max-width: 1087px) 100vw, 1087px\" \/><\/figure>\n<\/div><\/div>\n\n<\/div><\/div><style>.kadence-column53_ee0065-e3 > .kt-inside-inner-col{padding-bottom:100px;}.kadence-column53_ee0065-e3 > .kt-inside-inner-col,.kadence-column53_ee0065-e3 > .kt-inside-inner-col:before{border-top-left-radius:0px;border-top-right-radius:0px;border-bottom-right-radius:0px;border-bottom-left-radius:0px;}.kadence-column53_ee0065-e3 > .kt-inside-inner-col{column-gap:var(--global-kb-gap-sm, 1rem);}.kadence-column53_ee0065-e3 > .kt-inside-inner-col{flex-direction:column;}.kadence-column53_ee0065-e3 > .kt-inside-inner-col > .aligncenter{width:100%;}.kadence-column53_ee0065-e3 > .kt-inside-inner-col:before{opacity:0.3;}.kadence-column53_ee0065-e3{position:relative;}@media all and (max-width: 1024px){.kadence-column53_ee0065-e3 > .kt-inside-inner-col{flex-direction:column;justify-content:center;}}@media all and (max-width: 767px){.kadence-column53_ee0065-e3 > .kt-inside-inner-col{flex-direction:column;justify-content:center;}}<\/style>\n<div class=\"wp-block-kadence-column kadence-column53_ee0065-e3 wrap\"><div class=\"kt-inside-inner-col\">\n<div style=\"height:50px\" aria-hidden=\"true\" class=\"wp-block-spacer\"><\/div>\n\n\n<style>.wp-block-kadence-advancedbtn.kb-btns53_377ad0-0811{gap:var(--global-kb-gap-xs, 0.5rem );justify-content:center;align-items:center;}.kt-btns53_377ad0-0811 .kt-button{font-weight:normal;font-style:normal;}.kt-btns53_377ad0-0811 .kt-btn-wrap-0{margin-right:5px;}.wp-block-kadence-advancedbtn.kt-btns53_377ad0-0811 .kt-btn-wrap-0 .kt-button{color:#555555;border-color:#555555;}.wp-block-kadence-advancedbtn.kt-btns53_377ad0-0811 .kt-btn-wrap-0 .kt-button:hover, .wp-block-kadence-advancedbtn.kt-btns53_377ad0-0811 .kt-btn-wrap-0 .kt-button:focus{color:#ffffff;border-color:#444444;}.wp-block-kadence-advancedbtn.kt-btns53_377ad0-0811 .kt-btn-wrap-0 .kt-button::before{display:none;}.wp-block-kadence-advancedbtn.kt-btns53_377ad0-0811 .kt-btn-wrap-0 .kt-button:hover, .wp-block-kadence-advancedbtn.kt-btns53_377ad0-0811 .kt-btn-wrap-0 .kt-button:focus{background:#444444;}<\/style>\n<div class=\"wp-block-kadence-advancedbtn kb-buttons-wrap kb-btns53_377ad0-0811\"><style>ul.menu .wp-block-kadence-advancedbtn .kb-btn53_f7cc35-4f12.kb-button{width:initial;}.wp-block-kadence-advancedbtn .kb-btn53_f7cc35-4f12.kb-button{margin-top:0px;}<\/style><a class=\"kb-button kt-button button kb-btn53_f7cc35-4f12 kt-btn-size-standard kt-btn-width-type-auto kb-btn-global-inherit kt-btn-has-text-true kt-btn-has-svg-false wp-block-button__link wp-block-kadence-singlebtn\" href=\"https:\/\/bookings.zenchef.com\/results?rid=374106&#038;pid=1001&#038;shxpid=55868\"><span class=\"kt-btn-inner-text\">Buchen Sie<\/span><\/a><\/div>\n<\/div><\/div>\n","protected":false},"excerpt":{"rendered":"<p>Die K\u00e4seteller Eine gesellige Art, unser Know-how bei einer Auswahl unserer Wahl mit saisonalen K\u00e4sesorten zu entdecken. Die etwa neun Sorten decken die verschiedenen K\u00e4sefamilien und Milcharten ab. Ein angenehmer&#8230;<\/p>\n","protected":false},"author":1,"featured_media":0,"parent":0,"menu_order":0,"comment_status":"closed","ping_status":"closed","template":"","meta":{"_acf_changed":false,"_vp_format_video_url":"","_vp_image_focal_point":[],"footnotes":""},"class_list":["post-1955","page","type-page","status-publish","hentry"],"acf":[],"yoast_head":"<!-- This site is optimized with the Yoast SEO plugin v25.5 - https:\/\/yoast.com\/wordpress\/plugins\/seo\/ -->\n<title>Die K\u00e4seteller | Fromagerie Antony<\/title>\n<meta name=\"robots\" content=\"index, follow, max-snippet:-1, max-image-preview:large, max-video-preview:-1\" \/>\n<link rel=\"canonical\" href=\"https:\/\/www.fromagerieantony.fr\/de\/die-kaeseteller\/\" \/>\n<meta property=\"og:locale\" content=\"de_DE\" \/>\n<meta property=\"og:type\" content=\"article\" \/>\n<meta property=\"og:title\" content=\"Die K\u00e4seteller | Fromagerie Antony\" \/>\n<meta property=\"og:description\" content=\"Die K\u00e4seteller Eine gesellige Art, unser Know-how bei einer Auswahl unserer Wahl mit saisonalen K\u00e4sesorten zu entdecken. Die etwa neun Sorten decken die verschiedenen K\u00e4sefamilien und Milcharten ab. Ein angenehmer...\" \/>\n<meta property=\"og:url\" content=\"https:\/\/www.fromagerieantony.fr\/de\/die-kaeseteller\/\" \/>\n<meta property=\"og:site_name\" content=\"Fromagerie Antony\" \/>\n<meta property=\"article:publisher\" content=\"https:\/\/www.facebook.com\/pages\/Fromagerie-Antony\/175485739234966\" \/>\n<meta property=\"article:modified_time\" content=\"2025-08-14T08:40:00+00:00\" \/>\n<meta property=\"og:image\" content=\"https:\/\/www.fromagerieantony.fr\/wp-content\/uploads\/2023\/08\/banner_page-assiette.jpg\" \/>\n\t<meta property=\"og:image:width\" content=\"2472\" \/>\n\t<meta property=\"og:image:height\" content=\"570\" \/>\n\t<meta property=\"og:image:type\" content=\"image\/jpeg\" \/>\n<meta name=\"twitter:card\" content=\"summary_large_image\" \/>\n<meta name=\"twitter:label1\" content=\"Gesch\u00e4tzte Lesezeit\" \/>\n\t<meta name=\"twitter:data1\" content=\"2\u00a0Minuten\" \/>\n<script type=\"application\/ld+json\" class=\"yoast-schema-graph\">{\"@context\":\"https:\/\/schema.org\",\"@graph\":[{\"@type\":\"WebPage\",\"@id\":\"https:\/\/www.fromagerieantony.fr\/de\/die-kaeseteller\/\",\"url\":\"https:\/\/www.fromagerieantony.fr\/de\/die-kaeseteller\/\",\"name\":\"Die K\u00e4seteller | Fromagerie Antony\",\"isPartOf\":{\"@id\":\"https:\/\/www.fromagerieantony.fr\/de\/#website\"},\"primaryImageOfPage\":{\"@id\":\"https:\/\/www.fromagerieantony.fr\/de\/die-kaeseteller\/#primaryimage\"},\"image\":{\"@id\":\"https:\/\/www.fromagerieantony.fr\/de\/die-kaeseteller\/#primaryimage\"},\"thumbnailUrl\":\"https:\/\/www.fromagerieantony.fr\/wp-content\/uploads\/2023\/08\/banner_page-assiette.jpg\",\"datePublished\":\"2022-11-14T09:14:22+00:00\",\"dateModified\":\"2025-08-14T08:40:00+00:00\",\"breadcrumb\":{\"@id\":\"https:\/\/www.fromagerieantony.fr\/de\/die-kaeseteller\/#breadcrumb\"},\"inLanguage\":\"de\",\"potentialAction\":[{\"@type\":\"ReadAction\",\"target\":[\"https:\/\/www.fromagerieantony.fr\/de\/die-kaeseteller\/\"]}]},{\"@type\":\"ImageObject\",\"inLanguage\":\"de\",\"@id\":\"https:\/\/www.fromagerieantony.fr\/de\/die-kaeseteller\/#primaryimage\",\"url\":\"https:\/\/www.fromagerieantony.fr\/wp-content\/uploads\/2023\/08\/banner_page-assiette.jpg\",\"contentUrl\":\"https:\/\/www.fromagerieantony.fr\/wp-content\/uploads\/2023\/08\/banner_page-assiette.jpg\"},{\"@type\":\"BreadcrumbList\",\"@id\":\"https:\/\/www.fromagerieantony.fr\/de\/die-kaeseteller\/#breadcrumb\",\"itemListElement\":[{\"@type\":\"ListItem\",\"position\":1,\"name\":\"Startseite\",\"item\":\"https:\/\/www.fromagerieantony.fr\/de\/\"},{\"@type\":\"ListItem\",\"position\":2,\"name\":\"Die K\u00e4seteller\"}]},{\"@type\":\"WebSite\",\"@id\":\"https:\/\/www.fromagerieantony.fr\/de\/#website\",\"url\":\"https:\/\/www.fromagerieantony.fr\/de\/\",\"name\":\"Fromagerie Antony\",\"description\":\"Eleveur de fromages\",\"publisher\":{\"@id\":\"https:\/\/www.fromagerieantony.fr\/de\/#organization\"},\"potentialAction\":[{\"@type\":\"SearchAction\",\"target\":{\"@type\":\"EntryPoint\",\"urlTemplate\":\"https:\/\/www.fromagerieantony.fr\/de\/?s={search_term_string}\"},\"query-input\":{\"@type\":\"PropertyValueSpecification\",\"valueRequired\":true,\"valueName\":\"search_term_string\"}}],\"inLanguage\":\"de\"},{\"@type\":\"Organization\",\"@id\":\"https:\/\/www.fromagerieantony.fr\/de\/#organization\",\"name\":\"Fromagerie Antony\",\"url\":\"https:\/\/www.fromagerieantony.fr\/de\/\",\"logo\":{\"@type\":\"ImageObject\",\"inLanguage\":\"de\",\"@id\":\"https:\/\/www.fromagerieantony.fr\/de\/#\/schema\/logo\/image\/\",\"url\":\"https:\/\/www.fromagerieantony.fr\/wp-content\/uploads\/2022\/12\/logo.png\",\"contentUrl\":\"https:\/\/www.fromagerieantony.fr\/wp-content\/uploads\/2022\/12\/logo.png\",\"width\":249,\"height\":137,\"caption\":\"Fromagerie Antony\"},\"image\":{\"@id\":\"https:\/\/www.fromagerieantony.fr\/de\/#\/schema\/logo\/image\/\"},\"sameAs\":[\"https:\/\/www.facebook.com\/pages\/Fromagerie-Antony\/175485739234966\"]}]}<\/script>\n<!-- \/ Yoast SEO plugin. -->","yoast_head_json":{"title":"Die K\u00e4seteller | Fromagerie Antony","robots":{"index":"index","follow":"follow","max-snippet":"max-snippet:-1","max-image-preview":"max-image-preview:large","max-video-preview":"max-video-preview:-1"},"canonical":"https:\/\/www.fromagerieantony.fr\/de\/die-kaeseteller\/","og_locale":"de_DE","og_type":"article","og_title":"Die K\u00e4seteller | Fromagerie Antony","og_description":"Die K\u00e4seteller Eine gesellige Art, unser Know-how bei einer Auswahl unserer Wahl mit saisonalen K\u00e4sesorten zu entdecken. Die etwa neun Sorten decken die verschiedenen K\u00e4sefamilien und Milcharten ab. Ein angenehmer...","og_url":"https:\/\/www.fromagerieantony.fr\/de\/die-kaeseteller\/","og_site_name":"Fromagerie Antony","article_publisher":"https:\/\/www.facebook.com\/pages\/Fromagerie-Antony\/175485739234966","article_modified_time":"2025-08-14T08:40:00+00:00","og_image":[{"width":2472,"height":570,"url":"https:\/\/www.fromagerieantony.fr\/wp-content\/uploads\/2023\/08\/banner_page-assiette.jpg","type":"image\/jpeg"}],"twitter_card":"summary_large_image","twitter_misc":{"Gesch\u00e4tzte Lesezeit":"2\u00a0Minuten"},"schema":{"@context":"https:\/\/schema.org","@graph":[{"@type":"WebPage","@id":"https:\/\/www.fromagerieantony.fr\/de\/die-kaeseteller\/","url":"https:\/\/www.fromagerieantony.fr\/de\/die-kaeseteller\/","name":"Die K\u00e4seteller | Fromagerie Antony","isPartOf":{"@id":"https:\/\/www.fromagerieantony.fr\/de\/#website"},"primaryImageOfPage":{"@id":"https:\/\/www.fromagerieantony.fr\/de\/die-kaeseteller\/#primaryimage"},"image":{"@id":"https:\/\/www.fromagerieantony.fr\/de\/die-kaeseteller\/#primaryimage"},"thumbnailUrl":"https:\/\/www.fromagerieantony.fr\/wp-content\/uploads\/2023\/08\/banner_page-assiette.jpg","datePublished":"2022-11-14T09:14:22+00:00","dateModified":"2025-08-14T08:40:00+00:00","breadcrumb":{"@id":"https:\/\/www.fromagerieantony.fr\/de\/die-kaeseteller\/#breadcrumb"},"inLanguage":"de","potentialAction":[{"@type":"ReadAction","target":["https:\/\/www.fromagerieantony.fr\/de\/die-kaeseteller\/"]}]},{"@type":"ImageObject","inLanguage":"de","@id":"https:\/\/www.fromagerieantony.fr\/de\/die-kaeseteller\/#primaryimage","url":"https:\/\/www.fromagerieantony.fr\/wp-content\/uploads\/2023\/08\/banner_page-assiette.jpg","contentUrl":"https:\/\/www.fromagerieantony.fr\/wp-content\/uploads\/2023\/08\/banner_page-assiette.jpg"},{"@type":"BreadcrumbList","@id":"https:\/\/www.fromagerieantony.fr\/de\/die-kaeseteller\/#breadcrumb","itemListElement":[{"@type":"ListItem","position":1,"name":"Startseite","item":"https:\/\/www.fromagerieantony.fr\/de\/"},{"@type":"ListItem","position":2,"name":"Die K\u00e4seteller"}]},{"@type":"WebSite","@id":"https:\/\/www.fromagerieantony.fr\/de\/#website","url":"https:\/\/www.fromagerieantony.fr\/de\/","name":"Fromagerie Antony","description":"Eleveur de fromages","publisher":{"@id":"https:\/\/www.fromagerieantony.fr\/de\/#organization"},"potentialAction":[{"@type":"SearchAction","target":{"@type":"EntryPoint","urlTemplate":"https:\/\/www.fromagerieantony.fr\/de\/?s={search_term_string}"},"query-input":{"@type":"PropertyValueSpecification","valueRequired":true,"valueName":"search_term_string"}}],"inLanguage":"de"},{"@type":"Organization","@id":"https:\/\/www.fromagerieantony.fr\/de\/#organization","name":"Fromagerie Antony","url":"https:\/\/www.fromagerieantony.fr\/de\/","logo":{"@type":"ImageObject","inLanguage":"de","@id":"https:\/\/www.fromagerieantony.fr\/de\/#\/schema\/logo\/image\/","url":"https:\/\/www.fromagerieantony.fr\/wp-content\/uploads\/2022\/12\/logo.png","contentUrl":"https:\/\/www.fromagerieantony.fr\/wp-content\/uploads\/2022\/12\/logo.png","width":249,"height":137,"caption":"Fromagerie Antony"},"image":{"@id":"https:\/\/www.fromagerieantony.fr\/de\/#\/schema\/logo\/image\/"},"sameAs":["https:\/\/www.facebook.com\/pages\/Fromagerie-Antony\/175485739234966"]}]}},"_links":{"self":[{"href":"https:\/\/www.fromagerieantony.fr\/de\/wp-json\/wp\/v2\/pages\/1955","targetHints":{"allow":["GET"]}}],"collection":[{"href":"https:\/\/www.fromagerieantony.fr\/de\/wp-json\/wp\/v2\/pages"}],"about":[{"href":"https:\/\/www.fromagerieantony.fr\/de\/wp-json\/wp\/v2\/types\/page"}],"author":[{"embeddable":true,"href":"https:\/\/www.fromagerieantony.fr\/de\/wp-json\/wp\/v2\/users\/1"}],"replies":[{"embeddable":true,"href":"https:\/\/www.fromagerieantony.fr\/de\/wp-json\/wp\/v2\/comments?post=1955"}],"version-history":[{"count":6,"href":"https:\/\/www.fromagerieantony.fr\/de\/wp-json\/wp\/v2\/pages\/1955\/revisions"}],"predecessor-version":[{"id":4192,"href":"https:\/\/www.fromagerieantony.fr\/de\/wp-json\/wp\/v2\/pages\/1955\/revisions\/4192"}],"wp:attachment":[{"href":"https:\/\/www.fromagerieantony.fr\/de\/wp-json\/wp\/v2\/media?parent=1955"}],"curies":[{"name":"wp","href":"https:\/\/api.w.org\/{rel}","templated":true}]}}