{"id":2007,"date":"2023-10-05T15:55:35","date_gmt":"2023-10-05T13:55:35","guid":{"rendered":"https:\/\/www.fromagerieantony.fr\/erlebnisse-zum-verschenken\/"},"modified":"2024-05-31T21:30:07","modified_gmt":"2024-05-31T19:30:07","slug":"erlebnisse-zum-verschenken","status":"publish","type":"page","link":"https:\/\/www.fromagerieantony.fr\/de\/erlebnisse-zum-verschenken\/","title":{"rendered":"La C\u00e9r\u00e9monie des Fromages"},"content":{"rendered":"<style>.kadence-column2007_24dd5a-02 > .kt-inside-inner-col,.kadence-column2007_24dd5a-02 > .kt-inside-inner-col:before{border-top-left-radius:0px;border-top-right-radius:0px;border-bottom-right-radius:0px;border-bottom-left-radius:0px;}.kadence-column2007_24dd5a-02 > .kt-inside-inner-col{column-gap:var(--global-kb-gap-sm, 1rem);}.kadence-column2007_24dd5a-02 > .kt-inside-inner-col{flex-direction:column;}.kadence-column2007_24dd5a-02 > .kt-inside-inner-col > .aligncenter{width:100%;}.kadence-column2007_24dd5a-02 > .kt-inside-inner-col:before{opacity:0.3;}.kadence-column2007_24dd5a-02{position:relative;}.kadence-column2007_24dd5a-02, .kt-inside-inner-col > .kadence-column2007_24dd5a-02:not(.specificity){margin-right:1.7%;margin-left:1.7%;}@media all and (max-width: 1024px){.kadence-column2007_24dd5a-02 > .kt-inside-inner-col{flex-direction:column;justify-content:center;}}@media all and (max-width: 767px){.kadence-column2007_24dd5a-02 > .kt-inside-inner-col{flex-direction:column;justify-content:center;}}<\/style>\n<div class=\"wp-block-kadence-column kadence-column2007_24dd5a-02 inner-column-1\" id=\"banniere\"><div class=\"kt-inside-inner-col\">\n<div class=\"wp-block-cover\"><span aria-hidden=\"true\" class=\"wp-block-cover__background has-background-dim-0 has-background-dim\"><\/span><img loading=\"lazy\" decoding=\"async\" width=\"2472\" height=\"570\" class=\"wp-block-cover__image-background wp-image-1154\" alt=\"\" src=\"https:\/\/www.fromagerieantony.fr\/wp-content\/uploads\/2023\/10\/banner_bon-cadeau.jpg\" data-object-fit=\"cover\" srcset=\"https:\/\/www.fromagerieantony.fr\/wp-content\/uploads\/2023\/10\/banner_bon-cadeau.jpg 2472w, https:\/\/www.fromagerieantony.fr\/wp-content\/uploads\/2023\/10\/banner_bon-cadeau-610x141.jpg 610w, https:\/\/www.fromagerieantony.fr\/wp-content\/uploads\/2023\/10\/banner_bon-cadeau-1730x399.jpg 1730w, https:\/\/www.fromagerieantony.fr\/wp-content\/uploads\/2023\/10\/banner_bon-cadeau-768x177.jpg 768w, https:\/\/www.fromagerieantony.fr\/wp-content\/uploads\/2023\/10\/banner_bon-cadeau-1536x354.jpg 1536w, https:\/\/www.fromagerieantony.fr\/wp-content\/uploads\/2023\/10\/banner_bon-cadeau-2048x472.jpg 2048w, https:\/\/www.fromagerieantony.fr\/wp-content\/uploads\/2023\/10\/banner_bon-cadeau-300x69.jpg 300w, https:\/\/www.fromagerieantony.fr\/wp-content\/uploads\/2023\/10\/banner_bon-cadeau-450x104.jpg 450w, https:\/\/www.fromagerieantony.fr\/wp-content\/uploads\/2023\/10\/banner_bon-cadeau-500x115.jpg 500w, https:\/\/www.fromagerieantony.fr\/wp-content\/uploads\/2023\/10\/banner_bon-cadeau-800x184.jpg 800w, https:\/\/www.fromagerieantony.fr\/wp-content\/uploads\/2023\/10\/banner_bon-cadeau-1280x295.jpg 1280w, https:\/\/www.fromagerieantony.fr\/wp-content\/uploads\/2023\/10\/banner_bon-cadeau-1920x443.jpg 1920w, https:\/\/www.fromagerieantony.fr\/wp-content\/uploads\/2023\/10\/banner_bon-cadeau-825x190.jpg 825w\" sizes=\"auto, (max-width: 2472px) 100vw, 2472px\" \/><div class=\"wp-block-cover__inner-container is-layout-flow wp-block-cover-is-layout-flow\">\n<p class=\"has-text-align-center has-large-font-size\"><\/p>\n<\/div><\/div>\n<\/div><\/div>\n\n\n\n<div style=\"height:40px\" aria-hidden=\"true\" class=\"wp-block-spacer\"><\/div>\n\n\n\n<section class=\"wp-block-group wrap\"><div class=\"wp-block-group__inner-container is-layout-constrained wp-block-group-is-layout-constrained\">\n<h1 class=\"wp-block-heading has-text-align-center has-kb-palette-1-color has-text-color\">Erlebnisse zum Verschenken<\/h1>\n\n\n\n<p class=\"has-text-align-center\">Im Keller der K\u00e4serei Antony finden jeden Freitag und Samstag die K\u00e4se Zeremonie statt. Mit einem Gutschein f\u00fcr die Zeremonie verschenken Sie eine Reise in die Welt der gro\u00dfen K\u00e4se, die vermittelt, was die Arbeit unserer Produzenten so einzigartig macht, und die Teilnehmer eintauchen l\u00e4sst in die geheimnisvolle Alchemie der Reifung.<br><br>Der Gutschein ist ab dem Datum seiner Ausstellung zwei Jahre lang g\u00fcltig.<\/p>\n\n\n\n<div style=\"height:25px\" aria-hidden=\"true\" class=\"wp-block-spacer\"><\/div>\n\n\n\n<p class=\"has-text-align-center has-small-font-size\">1. W\u00e4hlen Sie das Erlebnis aus, das Sie verschenken m\u00f6chten.<br>2. Geben Sie Ihren Namen und den Namen des Beg\u00fcnstigten an. F\u00fcgen Sie eine pers\u00f6nliche Nachricht hinzu. <br>3. Bezahlen Sie Ihren Geschenkgutschein.<\/p>\n\n\n\n<p class=\"has-text-align-center has-small-font-size\">Der Geschenkgutschein wird automatisch erstellt und per E-Mail an den Beg\u00fcnstigten \u00fcbermittelt. Sie k\u00f6nnen ihn aber selbstverst\u00e4ndlich auch ausdrucken.<\/p>\n<\/div><\/section>\n\n\n\n<div style=\"height:50px\" aria-hidden=\"true\" class=\"wp-block-spacer\"><\/div>\n\n\n\n<section class=\"wp-block-group wrap\"><div class=\"wp-block-group__inner-container is-layout-constrained wp-block-group-is-layout-constrained\"><style type=\"text\/css\">\r\n        .wpgv_preview-box .cardDiv,\r\n        .wpgv-item .wpgv-buy button,\r\n        .buying-options div.selected,\r\n        .shipping-options div.selected,\r\n        .wpgv-buttons .next-button,\r\n        .wpgv-buttons #paynowbtn {\r\n            background-color: #e2d8cf!important;\r\n        }\r\n        .wpgv_preview-box .cardDiv .voucherBottomDiv label, \r\n        .wpgv-item .wpgv-buy button,\r\n        .wpgv-buttons .next-button, \r\n        .wpgv-buttons #paynowbtn,\r\n        .buying-options div.selected, \r\n        .shipping-options div.selected,\r\n        .wpgv_preview-box .cardDiv .voucherBottomDiv .itemtitle,\r\n        .wpgv_preview-box .cardDiv .voucherBottomDiv .itemdescription,\r\n        .wpgv_preview-box .cardDiv .voucherBottomDiv .termsCard,\r\n        .wpgv_preview-box .cardDiv .voucherBottomDiv .voucherSiteInfo a {\r\n            color:  #000000!important;\r\n        }\r\n        #wpgv-giftitems.loading:after {\r\n            content: url(https:\/\/www.fromagerieantony.fr\/wp-content\/plugins\/gift-voucher\/assets\/img\/loader.gif) !important;\r\n        }\r\n    <\/style><div class=\"wpgv-giftitem-wrapper\"><form id=\"wpgv-giftitems\" name=\"wpgv_giftitems\" method=\"post\" action=\"https:\/\/www.fromagerieantony.fr\/de\/wp-json\/wp\/v2\/pages\/2007\/\" enctype=\"multipart\/form-data\">\r\n        <input type=\"hidden\" name=\"coupon_code_length\" id=\"coupon_code_length\" value=\"12\">\r\n        <input type=\"hidden\" name=\"wpgv_giftitems_form_verify\" value=\"101b435f9f\">\r\n        <input type=\"hidden\" name=\"wpgv_category_id\" id=\"category_id\">\r\n        <input type=\"hidden\" name=\"wpgv_item_id\" id=\"item_id\">\r\n        <input type=\"hidden\" name=\"wpgv_total_price\" id=\"total_price\">\r\n        <input type=\"hidden\" name=\"item_pdf_price\" id=\"item_pdf_price\">\r\n        <input type=\"hidden\" name=\"wpgv_website_commission_price\" id=\"website_commission_price\" data-price=\"0\">\r\n        <div class=\"wpgv-giftitemimage\"><img decoding=\"async\" src=\"https:\/\/www.fromagerieantony.fr\/wp-content\/uploads\/2024\/06\/Image-facturier-Antony_resized.png\"><\/div><div id=\"wpgv-giftitems-step1\" class=\"wpgv-items-wrap\">\r\n                <div class=\"wpgv-according-categories\"><div class=\"wpgv-according-category\" id=\"itemcat27\">\r\n                    <div class=\"wpgv-according-title\" data-cat-id=\"27\"><h2>Geschenken<span><\/span><\/h2><\/div><div class=\"wpgv-items\"><\/div><\/div><\/div><\/div><div id=\"wpgv-giftitems-step2\" class=\"wpgv-items-wrap\">\r\n                <div class=\"wpgv-gifttitle\">\r\n                    <h3><\/h3>\r\n                    <span><\/span>\r\n                <\/div>                \r\n                <div class=\"wpgv-form-fields\">\r\n                    \r\n                <\/div>\r\n                <div class=\"buying-for flex-field\">\r\n                    <label>Kaufen f\u00fcr<\/label>\r\n                    <div class=\"buying-options\">\r\n                        <div class=\"someone_else selected\" data-value=\"someone_else\">\r\n                            <img decoding=\"async\" src=\"https:\/\/www.fromagerieantony.fr\/wp-content\/plugins\/gift-voucher-pro\/assets\/img\/giftbox.png\">\r\n                            <span>Jemand anderes<\/span>\r\n                        <\/div>\r\n                        <div class=\"yourself\" data-value=\"yourself\">\r\n                            <img decoding=\"async\" src=\"https:\/\/www.fromagerieantony.fr\/wp-content\/plugins\/gift-voucher-pro\/assets\/img\/users.png\">\r\n                            <span>Dich selber<\/span>\r\n                        <\/div>\r\n                    <\/div>\r\n                    <input type=\"hidden\" name=\"buying_for\" id=\"buying_for\" value=\"someone_else\">\r\n                <\/div>\r\n                <div class=\"wpgv-form-fields\" id=\"wpgv-your_name\">\r\n                    <label for=\"your_name\">Dein Name<\/label>\r\n                    <span class=\"error\">Ihr Name ist erforderlich<\/span>\r\n                    <input type=\"text\" name=\"your_name\" id=\"your_name\" class=\"form-field\">\r\n                <\/div>\r\n                <div class=\"wpgv-form-fields\" id=\"wpgv-recipient_name\">\r\n                    <label for=\"receipt_email\">Empf\u00e4nger<\/label>\r\n                    <span class=\"error\">Der Empf\u00e4ngername ist erforderlich<\/span>\r\n                    <input type=\"text\" name=\"recipient_name\" id=\"recipient_name\" class=\"form-field\" \/>\r\n                <\/div>\r\n                <div class=\"wpgv-form-fields\" id=\"wpgv-list-view-price\">\r\n                    <label for=\"receipt_email\">Value (Min Voucher Value)*<\/label>\r\n                    <span class=\"error\">Recipient price is required<\/span>\r\n                    <input type=\"number\" name=\"list_view_price\" id=\"list_view_price\" class=\"form-field\" \/>\r\n                <\/div>\r\n                <div class=\"wpgv-form-fields\" id=\"wpgv-message\">\r\n                    <label for=\"message\">Pers\u00f6nliche Nachricht (optional) (Max: 250 Zeichen)<\/label>\r\n                    <span class=\"error\">Bitte gib nicht mehr als 250 Zeichen ein.<\/span>\r\n                    <textarea name=\"message\" id=\"message\" class=\"form-field\" maxlength=\"250\"><\/textarea>\r\n                    <div class=\"maxchar\"><\/div>\r\n                <\/div>\r\n                <div class=\"wpgv-buttons\">\r\n                    <button type=\"button\" data-next=\"step3\" class=\"next-button\">Fortsetzen<\/button>\r\n                    <span class=\"back-button\" data-prev=\"step1\">Zur\u00fcck<\/span>\r\n                <\/div>\r\n            <\/div><div id=\"wpgv-giftitems-step3\" class=\"wpgv-items-wrap\">\r\n                <input type=\"hidden\" name=\"shipping\" id=\"shipping\" value=\"shipping_as_email\">\r\n                <div class=\"wpgv-form-fields\" id=\"wpgv-shipping_email\">\r\n                    <label>Senden Sie den Gutschein an den Empf\u00e4nger E-Mail hier<\/label>\r\n                    <span class=\"error\">Erforderlich<\/span>\r\n                    <input type=\"email\" name=\"shipping_email\" id=\"shipping_email\" class=\"form-field\">\r\n                <\/div>\r\n                <div class=\"wpgv-form-fields\" id=\"wpgv-receipt_email\">\r\n                    <label>Ihre E-Mail-Adresse (f\u00fcr den Empfang)<\/label>\r\n                    <span class=\"error\">Ihre E-Mail-Adresse ist erforderlich<\/span>\r\n                    <input type=\"email\" name=\"receipt_email\" id=\"receipt_email\" class=\"form-field\">\r\n                <\/div><div class=\"order_details_preview\">\r\n                    <h3>Ihre Bestellung<\/h3>\r\n                    <div class=\"wpgv_preview_box\">\r\n                        <div>\r\n                            <h4 class=\"wpgv-itemtitle\">-<\/h4>\r\n                            <span>Dein Name: <i id=\"autoyourname\"><\/i><\/span>\r\n                        <\/div>\r\n                        <div id=\"itemprice\"> <span><\/span> \u20ac<\/div>\r\n                    <\/div><\/div>\r\n                <div class=\"wpgv-form-fields paymentcount1\" id=\"wpgv_payment_gateway\">\r\n                    <label>Bezahlverfahren<\/label>\r\n                    <select name=\"payemnt_gateway\" id=\"payemnt_gateway\" class=\"form-field\"><option value=\"Stripe\">Kreditkarte<\/option><\/select>\r\n                <\/div>\r\n                <div class=\"acceptVoucherTerms\">\r\n                    <label><input type=\"checkbox\" class=\"required\" name=\"acceptVoucherTerms\"> Ich stimme hiermit den Allgemeinen Gesch\u00e4ftsbedingungen und der Datenschutzrichtlinie zu und best\u00e4tige, dass alle Angaben korrekt sind.<\/label>\r\n                <\/div>\r\n                <div class=\"voucherNote\"><\/div>\r\n                <div class=\"wpgv-buttons\">\r\n                    <button type=\"button\" data-next=\"step4\" id=\"paynowbtn\" data-url=\"action=wpgv_doajax_item_pdf_save_func&nonce=101b435f9f\">Bezahlen<\/button>\r\n                    <span data-prev=\"step2\" class=\"back-button\">Zur\u00fcck<\/span>\r\n                <\/div>\r\n            <\/div><\/form><div class=\"wpgv_preview-box wpgvstyle1\">\r\n                <div class=\"cardDiv\">\r\n                    <div class=\"cardImgTop\">\r\n                        <img decoding=\"async\" class=\"uk-thumbnail\" src=\"https:\/\/www.fromagerieantony.fr\/wp-content\/uploads\/2024\/06\/Image-facturier-Antony_resized.png\">\r\n                    <\/div>\r\n                    <div class=\"voucherBottomDiv\">\r\n                        <h2 class=\"itemtitle\"><\/h2>\r\n                        <p class=\"itemdescription\"><\/p>\r\n                        <div class=\"uk-form-row\">\r\n                            <div class=\"nameFormLeft\">\r\n                                <label>Dein Name<\/label>\r\n                                <input type=\"text\" name=\"forNameCard\" class=\"forNameCard\" readonly>\r\n                            <\/div>\r\n                            <div class=\"nameFormRight\">\r\n                                <label>Empf\u00e4nger<\/label>\r\n                                <input type=\"text\" name=\"fromNameCard\" class=\"fromNameCard\" readonly>\r\n                            <\/div>\r\n                            <div class=\"voucherValueForm\">\r\n                        <label>Gutscheinwert<\/label>\r\n                        <span class=\"currencySymbol\" style=\"right:15px;left:unset;\"> \u20ac <\/span>\r\n                        <input style=\"padding-right:30px;padding-left:10px\" type=\"text\" name=\"voucherValueCard\" class=\"voucherValueCard\" readonly>\r\n                    <\/div>\r\n                            <div class=\"messageForm\">\r\n                                <label>Pers\u00f6nliche Mitteilung<\/label>\r\n                                <textarea name=\"personalMessageCard\" class=\"personalMessageCard\" readonly><\/textarea>\r\n                            <\/div>\r\n                            <div class=\"expiryFormLeft\">\r\n                                <label>Ablaufdatum<\/label>\r\n                                <input type=\"text\" name=\"expiryCard\" class=\"expiryCard\" value=\"14\/05\/2028\n\" readonly>\r\n                            <\/div>\r\n                            <div class=\"codeFormRight\">\r\n                                <label>Gutscheincode<\/label>\r\n                                <input type=\"text\" name=\"codeCard\" class=\"codeCard\" readonly value=\"6234256841004311\">\r\n                            <\/div>\r\n                            <div class=\"clearfix\"><\/div>\r\n                            <div class=\"voucherSiteInfo\"><a href=\"https:\/\/www.fromagerieantony.fr\">https:\/\/www.fromagerieantony.fr<\/a> | <a href=\"mailto:contact@fromagerieantony.fr\">contact@fromagerieantony.fr<\/a><\/div>\r\n                            <div class=\"termsCard\">* Der Gutschein ist 2 Jahre lang g\u00fcltig und kann in der K\u00e4serei Antony eingel\u00f6st werden.<\/div>\r\n                        <\/div>\r\n                    <\/div>\r\n                    <h3>Gutscheinvorschau<\/h3>\r\n                <\/div>\r\n        <\/div><\/div><style><\/style>\n<\/div><\/section>\n\n\n\n<div style=\"height:100px\" aria-hidden=\"true\" class=\"wp-block-spacer\"><\/div>\n","protected":false},"excerpt":{"rendered":"<p>Erlebnisse zum Verschenken Im Keller der K\u00e4serei Antony finden jeden Freitag und Samstag die K\u00e4se Zeremonie statt. Mit einem Gutschein f\u00fcr die Zeremonie verschenken Sie eine Reise in die Welt&#8230;<\/p>\n","protected":false},"author":1,"featured_media":0,"parent":0,"menu_order":0,"comment_status":"closed","ping_status":"closed","template":"","meta":{"_acf_changed":false,"_vp_format_video_url":"","_vp_image_focal_point":[],"footnotes":""},"class_list":["post-2007","page","type-page","status-publish","hentry"],"acf":[],"yoast_head":"<!-- This site is optimized with the Yoast SEO plugin v25.5 - https:\/\/yoast.com\/wordpress\/plugins\/seo\/ -->\n<title>La C\u00e9r\u00e9monie des Fromages | Fromagerie Antony<\/title>\n<meta name=\"robots\" content=\"index, follow, max-snippet:-1, max-image-preview:large, max-video-preview:-1\" \/>\n<link rel=\"canonical\" href=\"https:\/\/www.fromagerieantony.fr\/de\/erlebnisse-zum-verschenken\/\" \/>\n<meta property=\"og:locale\" content=\"de_DE\" \/>\n<meta property=\"og:type\" content=\"article\" \/>\n<meta property=\"og:title\" content=\"La C\u00e9r\u00e9monie des Fromages | Fromagerie Antony\" \/>\n<meta property=\"og:description\" content=\"Erlebnisse zum Verschenken Im Keller der K\u00e4serei Antony finden jeden Freitag und Samstag die K\u00e4se Zeremonie statt. Mit einem Gutschein f\u00fcr die Zeremonie verschenken Sie eine Reise in die Welt...\" \/>\n<meta property=\"og:url\" content=\"https:\/\/www.fromagerieantony.fr\/de\/erlebnisse-zum-verschenken\/\" \/>\n<meta property=\"og:site_name\" content=\"Fromagerie Antony\" \/>\n<meta property=\"article:publisher\" content=\"https:\/\/www.facebook.com\/pages\/Fromagerie-Antony\/175485739234966\" \/>\n<meta property=\"article:modified_time\" content=\"2024-05-31T19:30:07+00:00\" \/>\n<meta property=\"og:image\" content=\"https:\/\/www.fromagerieantony.fr\/wp-content\/uploads\/2023\/10\/banner_bon-cadeau.jpg\" \/>\n<meta name=\"twitter:card\" content=\"summary_large_image\" \/>\n<meta name=\"twitter:label1\" content=\"Gesch\u00e4tzte Lesezeit\" \/>\n\t<meta name=\"twitter:data1\" content=\"1\u00a0Minute\" \/>\n<script type=\"application\/ld+json\" class=\"yoast-schema-graph\">{\"@context\":\"https:\/\/schema.org\",\"@graph\":[{\"@type\":\"WebPage\",\"@id\":\"https:\/\/www.fromagerieantony.fr\/de\/erlebnisse-zum-verschenken\/\",\"url\":\"https:\/\/www.fromagerieantony.fr\/de\/erlebnisse-zum-verschenken\/\",\"name\":\"La C\u00e9r\u00e9monie des Fromages | Fromagerie Antony\",\"isPartOf\":{\"@id\":\"https:\/\/www.fromagerieantony.fr\/de\/#website\"},\"primaryImageOfPage\":{\"@id\":\"https:\/\/www.fromagerieantony.fr\/de\/erlebnisse-zum-verschenken\/#primaryimage\"},\"image\":{\"@id\":\"https:\/\/www.fromagerieantony.fr\/de\/erlebnisse-zum-verschenken\/#primaryimage\"},\"thumbnailUrl\":\"https:\/\/www.fromagerieantony.fr\/wp-content\/uploads\/2023\/10\/banner_bon-cadeau.jpg\",\"datePublished\":\"2023-10-05T13:55:35+00:00\",\"dateModified\":\"2024-05-31T19:30:07+00:00\",\"breadcrumb\":{\"@id\":\"https:\/\/www.fromagerieantony.fr\/de\/erlebnisse-zum-verschenken\/#breadcrumb\"},\"inLanguage\":\"de\",\"potentialAction\":[{\"@type\":\"ReadAction\",\"target\":[\"https:\/\/www.fromagerieantony.fr\/de\/erlebnisse-zum-verschenken\/\"]}]},{\"@type\":\"ImageObject\",\"inLanguage\":\"de\",\"@id\":\"https:\/\/www.fromagerieantony.fr\/de\/erlebnisse-zum-verschenken\/#primaryimage\",\"url\":\"https:\/\/www.fromagerieantony.fr\/wp-content\/uploads\/2023\/10\/banner_bon-cadeau.jpg\",\"contentUrl\":\"https:\/\/www.fromagerieantony.fr\/wp-content\/uploads\/2023\/10\/banner_bon-cadeau.jpg\"},{\"@type\":\"BreadcrumbList\",\"@id\":\"https:\/\/www.fromagerieantony.fr\/de\/erlebnisse-zum-verschenken\/#breadcrumb\",\"itemListElement\":[{\"@type\":\"ListItem\",\"position\":1,\"name\":\"Startseite\",\"item\":\"https:\/\/www.fromagerieantony.fr\/de\/\"},{\"@type\":\"ListItem\",\"position\":2,\"name\":\"La C\u00e9r\u00e9monie des Fromages\"}]},{\"@type\":\"WebSite\",\"@id\":\"https:\/\/www.fromagerieantony.fr\/de\/#website\",\"url\":\"https:\/\/www.fromagerieantony.fr\/de\/\",\"name\":\"Fromagerie Antony\",\"description\":\"Eleveur de fromages\",\"publisher\":{\"@id\":\"https:\/\/www.fromagerieantony.fr\/de\/#organization\"},\"potentialAction\":[{\"@type\":\"SearchAction\",\"target\":{\"@type\":\"EntryPoint\",\"urlTemplate\":\"https:\/\/www.fromagerieantony.fr\/de\/?s={search_term_string}\"},\"query-input\":{\"@type\":\"PropertyValueSpecification\",\"valueRequired\":true,\"valueName\":\"search_term_string\"}}],\"inLanguage\":\"de\"},{\"@type\":\"Organization\",\"@id\":\"https:\/\/www.fromagerieantony.fr\/de\/#organization\",\"name\":\"Fromagerie Antony\",\"url\":\"https:\/\/www.fromagerieantony.fr\/de\/\",\"logo\":{\"@type\":\"ImageObject\",\"inLanguage\":\"de\",\"@id\":\"https:\/\/www.fromagerieantony.fr\/de\/#\/schema\/logo\/image\/\",\"url\":\"https:\/\/www.fromagerieantony.fr\/wp-content\/uploads\/2022\/12\/logo.png\",\"contentUrl\":\"https:\/\/www.fromagerieantony.fr\/wp-content\/uploads\/2022\/12\/logo.png\",\"width\":249,\"height\":137,\"caption\":\"Fromagerie Antony\"},\"image\":{\"@id\":\"https:\/\/www.fromagerieantony.fr\/de\/#\/schema\/logo\/image\/\"},\"sameAs\":[\"https:\/\/www.facebook.com\/pages\/Fromagerie-Antony\/175485739234966\"]}]}<\/script>\n<!-- \/ Yoast SEO plugin. -->","yoast_head_json":{"title":"La C\u00e9r\u00e9monie des Fromages | Fromagerie Antony","robots":{"index":"index","follow":"follow","max-snippet":"max-snippet:-1","max-image-preview":"max-image-preview:large","max-video-preview":"max-video-preview:-1"},"canonical":"https:\/\/www.fromagerieantony.fr\/de\/erlebnisse-zum-verschenken\/","og_locale":"de_DE","og_type":"article","og_title":"La C\u00e9r\u00e9monie des Fromages | Fromagerie Antony","og_description":"Erlebnisse zum Verschenken Im Keller der K\u00e4serei Antony finden jeden Freitag und Samstag die K\u00e4se Zeremonie statt. Mit einem Gutschein f\u00fcr die Zeremonie verschenken Sie eine Reise in die Welt...","og_url":"https:\/\/www.fromagerieantony.fr\/de\/erlebnisse-zum-verschenken\/","og_site_name":"Fromagerie Antony","article_publisher":"https:\/\/www.facebook.com\/pages\/Fromagerie-Antony\/175485739234966","article_modified_time":"2024-05-31T19:30:07+00:00","og_image":[{"url":"https:\/\/www.fromagerieantony.fr\/wp-content\/uploads\/2023\/10\/banner_bon-cadeau.jpg","type":"","width":"","height":""}],"twitter_card":"summary_large_image","twitter_misc":{"Gesch\u00e4tzte Lesezeit":"1\u00a0Minute"},"schema":{"@context":"https:\/\/schema.org","@graph":[{"@type":"WebPage","@id":"https:\/\/www.fromagerieantony.fr\/de\/erlebnisse-zum-verschenken\/","url":"https:\/\/www.fromagerieantony.fr\/de\/erlebnisse-zum-verschenken\/","name":"La C\u00e9r\u00e9monie des Fromages | Fromagerie Antony","isPartOf":{"@id":"https:\/\/www.fromagerieantony.fr\/de\/#website"},"primaryImageOfPage":{"@id":"https:\/\/www.fromagerieantony.fr\/de\/erlebnisse-zum-verschenken\/#primaryimage"},"image":{"@id":"https:\/\/www.fromagerieantony.fr\/de\/erlebnisse-zum-verschenken\/#primaryimage"},"thumbnailUrl":"https:\/\/www.fromagerieantony.fr\/wp-content\/uploads\/2023\/10\/banner_bon-cadeau.jpg","datePublished":"2023-10-05T13:55:35+00:00","dateModified":"2024-05-31T19:30:07+00:00","breadcrumb":{"@id":"https:\/\/www.fromagerieantony.fr\/de\/erlebnisse-zum-verschenken\/#breadcrumb"},"inLanguage":"de","potentialAction":[{"@type":"ReadAction","target":["https:\/\/www.fromagerieantony.fr\/de\/erlebnisse-zum-verschenken\/"]}]},{"@type":"ImageObject","inLanguage":"de","@id":"https:\/\/www.fromagerieantony.fr\/de\/erlebnisse-zum-verschenken\/#primaryimage","url":"https:\/\/www.fromagerieantony.fr\/wp-content\/uploads\/2023\/10\/banner_bon-cadeau.jpg","contentUrl":"https:\/\/www.fromagerieantony.fr\/wp-content\/uploads\/2023\/10\/banner_bon-cadeau.jpg"},{"@type":"BreadcrumbList","@id":"https:\/\/www.fromagerieantony.fr\/de\/erlebnisse-zum-verschenken\/#breadcrumb","itemListElement":[{"@type":"ListItem","position":1,"name":"Startseite","item":"https:\/\/www.fromagerieantony.fr\/de\/"},{"@type":"ListItem","position":2,"name":"La C\u00e9r\u00e9monie des Fromages"}]},{"@type":"WebSite","@id":"https:\/\/www.fromagerieantony.fr\/de\/#website","url":"https:\/\/www.fromagerieantony.fr\/de\/","name":"Fromagerie Antony","description":"Eleveur de fromages","publisher":{"@id":"https:\/\/www.fromagerieantony.fr\/de\/#organization"},"potentialAction":[{"@type":"SearchAction","target":{"@type":"EntryPoint","urlTemplate":"https:\/\/www.fromagerieantony.fr\/de\/?s={search_term_string}"},"query-input":{"@type":"PropertyValueSpecification","valueRequired":true,"valueName":"search_term_string"}}],"inLanguage":"de"},{"@type":"Organization","@id":"https:\/\/www.fromagerieantony.fr\/de\/#organization","name":"Fromagerie Antony","url":"https:\/\/www.fromagerieantony.fr\/de\/","logo":{"@type":"ImageObject","inLanguage":"de","@id":"https:\/\/www.fromagerieantony.fr\/de\/#\/schema\/logo\/image\/","url":"https:\/\/www.fromagerieantony.fr\/wp-content\/uploads\/2022\/12\/logo.png","contentUrl":"https:\/\/www.fromagerieantony.fr\/wp-content\/uploads\/2022\/12\/logo.png","width":249,"height":137,"caption":"Fromagerie Antony"},"image":{"@id":"https:\/\/www.fromagerieantony.fr\/de\/#\/schema\/logo\/image\/"},"sameAs":["https:\/\/www.facebook.com\/pages\/Fromagerie-Antony\/175485739234966"]}]}},"_links":{"self":[{"href":"https:\/\/www.fromagerieantony.fr\/de\/wp-json\/wp\/v2\/pages\/2007","targetHints":{"allow":["GET"]}}],"collection":[{"href":"https:\/\/www.fromagerieantony.fr\/de\/wp-json\/wp\/v2\/pages"}],"about":[{"href":"https:\/\/www.fromagerieantony.fr\/de\/wp-json\/wp\/v2\/types\/page"}],"author":[{"embeddable":true,"href":"https:\/\/www.fromagerieantony.fr\/de\/wp-json\/wp\/v2\/users\/1"}],"replies":[{"embeddable":true,"href":"https:\/\/www.fromagerieantony.fr\/de\/wp-json\/wp\/v2\/comments?post=2007"}],"version-history":[{"count":3,"href":"https:\/\/www.fromagerieantony.fr\/de\/wp-json\/wp\/v2\/pages\/2007\/revisions"}],"predecessor-version":[{"id":3653,"href":"https:\/\/www.fromagerieantony.fr\/de\/wp-json\/wp\/v2\/pages\/2007\/revisions\/3653"}],"wp:attachment":[{"href":"https:\/\/www.fromagerieantony.fr\/de\/wp-json\/wp\/v2\/media?parent=2007"}],"curies":[{"name":"wp","href":"https:\/\/api.w.org\/{rel}","templated":true}]}}