{"id":2036,"date":"2023-11-16T09:28:21","date_gmt":"2023-11-16T08:28:21","guid":{"rendered":"https:\/\/www.fromagerieantony.fr\/stripe-payment-success-page\/"},"modified":"2023-11-17T17:01:08","modified_gmt":"2023-11-17T16:01:08","slug":"stripe-payment-success-page","status":"publish","type":"page","link":"https:\/\/www.fromagerieantony.fr\/de\/stripe-payment-success-page\/","title":{"rendered":"Stripe Payment Success Page"},"content":{"rendered":"<style>.kadence-column1900_6320e5-00 > .kt-inside-inner-col,.kadence-column1900_6320e5-00 > .kt-inside-inner-col:before{border-top-left-radius:0px;border-top-right-radius:0px;border-bottom-right-radius:0px;border-bottom-left-radius:0px;}.kadence-column1900_6320e5-00 > .kt-inside-inner-col{column-gap:var(--global-kb-gap-sm, 1rem);}.kadence-column1900_6320e5-00 > .kt-inside-inner-col{flex-direction:column;}.kadence-column1900_6320e5-00 > .kt-inside-inner-col > .aligncenter{width:100%;}.kadence-column1900_6320e5-00 > .kt-inside-inner-col:before{opacity:0.3;}.kadence-column1900_6320e5-00{position:relative;}.kadence-column1900_6320e5-00, .kt-inside-inner-col > .kadence-column1900_6320e5-00:not(.specificity){margin-right:1.7%;margin-left:1.7%;}@media all and (max-width: 1024px){.kadence-column1900_6320e5-00 > .kt-inside-inner-col{flex-direction:column;justify-content:center;}}@media all and (max-width: 767px){.kadence-column1900_6320e5-00 > .kt-inside-inner-col{flex-direction:column;justify-content:center;}}<\/style>\n<div class=\"wp-block-kadence-column kadence-column1900_6320e5-00 inner-column-1\" id=\"banniere\"><div class=\"kt-inside-inner-col\">\n<div class=\"wp-block-cover\"><span aria-hidden=\"true\" class=\"wp-block-cover__background has-background-dim-0 has-background-dim\"><\/span><img loading=\"lazy\" decoding=\"async\" width=\"2472\" height=\"570\" class=\"wp-block-cover__image-background wp-image-1154\" alt=\"\" src=\"https:\/\/www.fromagerieantony.fr\/wp-content\/uploads\/2023\/10\/banner_bon-cadeau.jpg\" data-object-fit=\"cover\" srcset=\"https:\/\/www.fromagerieantony.fr\/wp-content\/uploads\/2023\/10\/banner_bon-cadeau.jpg 2472w, https:\/\/www.fromagerieantony.fr\/wp-content\/uploads\/2023\/10\/banner_bon-cadeau-610x141.jpg 610w, https:\/\/www.fromagerieantony.fr\/wp-content\/uploads\/2023\/10\/banner_bon-cadeau-1730x399.jpg 1730w, https:\/\/www.fromagerieantony.fr\/wp-content\/uploads\/2023\/10\/banner_bon-cadeau-768x177.jpg 768w, https:\/\/www.fromagerieantony.fr\/wp-content\/uploads\/2023\/10\/banner_bon-cadeau-1536x354.jpg 1536w, https:\/\/www.fromagerieantony.fr\/wp-content\/uploads\/2023\/10\/banner_bon-cadeau-2048x472.jpg 2048w, https:\/\/www.fromagerieantony.fr\/wp-content\/uploads\/2023\/10\/banner_bon-cadeau-300x69.jpg 300w, https:\/\/www.fromagerieantony.fr\/wp-content\/uploads\/2023\/10\/banner_bon-cadeau-450x104.jpg 450w, https:\/\/www.fromagerieantony.fr\/wp-content\/uploads\/2023\/10\/banner_bon-cadeau-500x115.jpg 500w, https:\/\/www.fromagerieantony.fr\/wp-content\/uploads\/2023\/10\/banner_bon-cadeau-800x184.jpg 800w, https:\/\/www.fromagerieantony.fr\/wp-content\/uploads\/2023\/10\/banner_bon-cadeau-1280x295.jpg 1280w, https:\/\/www.fromagerieantony.fr\/wp-content\/uploads\/2023\/10\/banner_bon-cadeau-1920x443.jpg 1920w, https:\/\/www.fromagerieantony.fr\/wp-content\/uploads\/2023\/10\/banner_bon-cadeau-825x190.jpg 825w\" sizes=\"auto, (max-width: 2472px) 100vw, 2472px\" \/><div class=\"wp-block-cover__inner-container is-layout-flow wp-block-cover-is-layout-flow\">\n<p class=\"has-text-align-center has-large-font-size\"><\/p>\n<\/div><\/div>\n<\/div><\/div>\n\n<div style=\"height:40px\" aria-hidden=\"true\" class=\"wp-block-spacer\"><\/div>\n\n<div class=\"wp-block-group wrap\"><div class=\"wp-block-group__inner-container is-layout-constrained wp-block-group-is-layout-constrained\">\n<h1 class=\"wp-block-heading has-text-align-center\">Best\u00e4tigung der Zahlung<\/h1>\n\n\n<div class=\"success\"><p>Nous avons bien re\u00e7u votre commande ! Un e-mail contenant le bon a \u00e9t\u00e9 envoy\u00e9 \u00e0 . Ce lien sera invalide apr\u00e8s 1 heure.<\/p><\/div>\n\n\n\n<div style=\"height:100px\" aria-hidden=\"true\" class=\"wp-block-spacer\"><\/div>\n<\/div><\/div>\n","protected":false},"excerpt":{"rendered":"<p>Best\u00e4tigung der Zahlung<\/p>\n","protected":false},"author":1,"featured_media":0,"parent":0,"menu_order":0,"comment_status":"closed","ping_status":"closed","template":"","meta":{"_acf_changed":false,"_vp_format_video_url":"","_vp_image_focal_point":[],"footnotes":""},"class_list":["post-2036","page","type-page","status-publish","hentry"],"acf":[],"yoast_head":"<!-- This site is optimized with the Yoast SEO plugin v25.5 - https:\/\/yoast.com\/wordpress\/plugins\/seo\/ -->\n<title>Stripe Payment Success Page | Fromagerie Antony<\/title>\n<meta name=\"robots\" content=\"index, follow, max-snippet:-1, max-image-preview:large, max-video-preview:-1\" \/>\n<link rel=\"canonical\" href=\"https:\/\/www.fromagerieantony.fr\/de\/stripe-payment-success-page\/\" \/>\n<meta property=\"og:locale\" content=\"de_DE\" \/>\n<meta property=\"og:type\" content=\"article\" \/>\n<meta property=\"og:title\" content=\"Stripe Payment Success Page | Fromagerie Antony\" \/>\n<meta property=\"og:description\" content=\"Best\u00e4tigung der Zahlung\" \/>\n<meta property=\"og:url\" content=\"https:\/\/www.fromagerieantony.fr\/de\/stripe-payment-success-page\/\" \/>\n<meta property=\"og:site_name\" content=\"Fromagerie Antony\" \/>\n<meta property=\"article:publisher\" content=\"https:\/\/www.facebook.com\/pages\/Fromagerie-Antony\/175485739234966\" \/>\n<meta property=\"article:modified_time\" content=\"2023-11-17T16:01:08+00:00\" \/>\n<meta property=\"og:image\" content=\"https:\/\/www.fromagerieantony.fr\/wp-content\/uploads\/2023\/10\/banner_bon-cadeau.jpg\" \/>\n<meta name=\"twitter:card\" content=\"summary_large_image\" \/>\n<script type=\"application\/ld+json\" class=\"yoast-schema-graph\">{\"@context\":\"https:\/\/schema.org\",\"@graph\":[{\"@type\":\"WebPage\",\"@id\":\"https:\/\/www.fromagerieantony.fr\/de\/stripe-payment-success-page\/\",\"url\":\"https:\/\/www.fromagerieantony.fr\/de\/stripe-payment-success-page\/\",\"name\":\"Stripe Payment Success Page | Fromagerie Antony\",\"isPartOf\":{\"@id\":\"https:\/\/www.fromagerieantony.fr\/de\/#website\"},\"primaryImageOfPage\":{\"@id\":\"https:\/\/www.fromagerieantony.fr\/de\/stripe-payment-success-page\/#primaryimage\"},\"image\":{\"@id\":\"https:\/\/www.fromagerieantony.fr\/de\/stripe-payment-success-page\/#primaryimage\"},\"thumbnailUrl\":\"https:\/\/www.fromagerieantony.fr\/wp-content\/uploads\/2023\/10\/banner_bon-cadeau.jpg\",\"datePublished\":\"2023-11-16T08:28:21+00:00\",\"dateModified\":\"2023-11-17T16:01:08+00:00\",\"breadcrumb\":{\"@id\":\"https:\/\/www.fromagerieantony.fr\/de\/stripe-payment-success-page\/#breadcrumb\"},\"inLanguage\":\"de\",\"potentialAction\":[{\"@type\":\"ReadAction\",\"target\":[\"https:\/\/www.fromagerieantony.fr\/de\/stripe-payment-success-page\/\"]}]},{\"@type\":\"ImageObject\",\"inLanguage\":\"de\",\"@id\":\"https:\/\/www.fromagerieantony.fr\/de\/stripe-payment-success-page\/#primaryimage\",\"url\":\"https:\/\/www.fromagerieantony.fr\/wp-content\/uploads\/2023\/10\/banner_bon-cadeau.jpg\",\"contentUrl\":\"https:\/\/www.fromagerieantony.fr\/wp-content\/uploads\/2023\/10\/banner_bon-cadeau.jpg\"},{\"@type\":\"BreadcrumbList\",\"@id\":\"https:\/\/www.fromagerieantony.fr\/de\/stripe-payment-success-page\/#breadcrumb\",\"itemListElement\":[{\"@type\":\"ListItem\",\"position\":1,\"name\":\"Startseite\",\"item\":\"https:\/\/www.fromagerieantony.fr\/de\/\"},{\"@type\":\"ListItem\",\"position\":2,\"name\":\"Stripe Payment Success Page\"}]},{\"@type\":\"WebSite\",\"@id\":\"https:\/\/www.fromagerieantony.fr\/de\/#website\",\"url\":\"https:\/\/www.fromagerieantony.fr\/de\/\",\"name\":\"Fromagerie Antony\",\"description\":\"Eleveur de fromages\",\"publisher\":{\"@id\":\"https:\/\/www.fromagerieantony.fr\/de\/#organization\"},\"potentialAction\":[{\"@type\":\"SearchAction\",\"target\":{\"@type\":\"EntryPoint\",\"urlTemplate\":\"https:\/\/www.fromagerieantony.fr\/de\/?s={search_term_string}\"},\"query-input\":{\"@type\":\"PropertyValueSpecification\",\"valueRequired\":true,\"valueName\":\"search_term_string\"}}],\"inLanguage\":\"de\"},{\"@type\":\"Organization\",\"@id\":\"https:\/\/www.fromagerieantony.fr\/de\/#organization\",\"name\":\"Fromagerie Antony\",\"url\":\"https:\/\/www.fromagerieantony.fr\/de\/\",\"logo\":{\"@type\":\"ImageObject\",\"inLanguage\":\"de\",\"@id\":\"https:\/\/www.fromagerieantony.fr\/de\/#\/schema\/logo\/image\/\",\"url\":\"https:\/\/www.fromagerieantony.fr\/wp-content\/uploads\/2022\/12\/logo.png\",\"contentUrl\":\"https:\/\/www.fromagerieantony.fr\/wp-content\/uploads\/2022\/12\/logo.png\",\"width\":249,\"height\":137,\"caption\":\"Fromagerie Antony\"},\"image\":{\"@id\":\"https:\/\/www.fromagerieantony.fr\/de\/#\/schema\/logo\/image\/\"},\"sameAs\":[\"https:\/\/www.facebook.com\/pages\/Fromagerie-Antony\/175485739234966\"]}]}<\/script>\n<!-- \/ Yoast SEO plugin. -->","yoast_head_json":{"title":"Stripe Payment Success Page | Fromagerie Antony","robots":{"index":"index","follow":"follow","max-snippet":"max-snippet:-1","max-image-preview":"max-image-preview:large","max-video-preview":"max-video-preview:-1"},"canonical":"https:\/\/www.fromagerieantony.fr\/de\/stripe-payment-success-page\/","og_locale":"de_DE","og_type":"article","og_title":"Stripe Payment Success Page | Fromagerie Antony","og_description":"Best\u00e4tigung der Zahlung","og_url":"https:\/\/www.fromagerieantony.fr\/de\/stripe-payment-success-page\/","og_site_name":"Fromagerie Antony","article_publisher":"https:\/\/www.facebook.com\/pages\/Fromagerie-Antony\/175485739234966","article_modified_time":"2023-11-17T16:01:08+00:00","og_image":[{"url":"https:\/\/www.fromagerieantony.fr\/wp-content\/uploads\/2023\/10\/banner_bon-cadeau.jpg","type":"","width":"","height":""}],"twitter_card":"summary_large_image","schema":{"@context":"https:\/\/schema.org","@graph":[{"@type":"WebPage","@id":"https:\/\/www.fromagerieantony.fr\/de\/stripe-payment-success-page\/","url":"https:\/\/www.fromagerieantony.fr\/de\/stripe-payment-success-page\/","name":"Stripe Payment Success Page | Fromagerie Antony","isPartOf":{"@id":"https:\/\/www.fromagerieantony.fr\/de\/#website"},"primaryImageOfPage":{"@id":"https:\/\/www.fromagerieantony.fr\/de\/stripe-payment-success-page\/#primaryimage"},"image":{"@id":"https:\/\/www.fromagerieantony.fr\/de\/stripe-payment-success-page\/#primaryimage"},"thumbnailUrl":"https:\/\/www.fromagerieantony.fr\/wp-content\/uploads\/2023\/10\/banner_bon-cadeau.jpg","datePublished":"2023-11-16T08:28:21+00:00","dateModified":"2023-11-17T16:01:08+00:00","breadcrumb":{"@id":"https:\/\/www.fromagerieantony.fr\/de\/stripe-payment-success-page\/#breadcrumb"},"inLanguage":"de","potentialAction":[{"@type":"ReadAction","target":["https:\/\/www.fromagerieantony.fr\/de\/stripe-payment-success-page\/"]}]},{"@type":"ImageObject","inLanguage":"de","@id":"https:\/\/www.fromagerieantony.fr\/de\/stripe-payment-success-page\/#primaryimage","url":"https:\/\/www.fromagerieantony.fr\/wp-content\/uploads\/2023\/10\/banner_bon-cadeau.jpg","contentUrl":"https:\/\/www.fromagerieantony.fr\/wp-content\/uploads\/2023\/10\/banner_bon-cadeau.jpg"},{"@type":"BreadcrumbList","@id":"https:\/\/www.fromagerieantony.fr\/de\/stripe-payment-success-page\/#breadcrumb","itemListElement":[{"@type":"ListItem","position":1,"name":"Startseite","item":"https:\/\/www.fromagerieantony.fr\/de\/"},{"@type":"ListItem","position":2,"name":"Stripe Payment Success Page"}]},{"@type":"WebSite","@id":"https:\/\/www.fromagerieantony.fr\/de\/#website","url":"https:\/\/www.fromagerieantony.fr\/de\/","name":"Fromagerie Antony","description":"Eleveur de fromages","publisher":{"@id":"https:\/\/www.fromagerieantony.fr\/de\/#organization"},"potentialAction":[{"@type":"SearchAction","target":{"@type":"EntryPoint","urlTemplate":"https:\/\/www.fromagerieantony.fr\/de\/?s={search_term_string}"},"query-input":{"@type":"PropertyValueSpecification","valueRequired":true,"valueName":"search_term_string"}}],"inLanguage":"de"},{"@type":"Organization","@id":"https:\/\/www.fromagerieantony.fr\/de\/#organization","name":"Fromagerie Antony","url":"https:\/\/www.fromagerieantony.fr\/de\/","logo":{"@type":"ImageObject","inLanguage":"de","@id":"https:\/\/www.fromagerieantony.fr\/de\/#\/schema\/logo\/image\/","url":"https:\/\/www.fromagerieantony.fr\/wp-content\/uploads\/2022\/12\/logo.png","contentUrl":"https:\/\/www.fromagerieantony.fr\/wp-content\/uploads\/2022\/12\/logo.png","width":249,"height":137,"caption":"Fromagerie Antony"},"image":{"@id":"https:\/\/www.fromagerieantony.fr\/de\/#\/schema\/logo\/image\/"},"sameAs":["https:\/\/www.facebook.com\/pages\/Fromagerie-Antony\/175485739234966"]}]}},"_links":{"self":[{"href":"https:\/\/www.fromagerieantony.fr\/de\/wp-json\/wp\/v2\/pages\/2036","targetHints":{"allow":["GET"]}}],"collection":[{"href":"https:\/\/www.fromagerieantony.fr\/de\/wp-json\/wp\/v2\/pages"}],"about":[{"href":"https:\/\/www.fromagerieantony.fr\/de\/wp-json\/wp\/v2\/types\/page"}],"author":[{"embeddable":true,"href":"https:\/\/www.fromagerieantony.fr\/de\/wp-json\/wp\/v2\/users\/1"}],"replies":[{"embeddable":true,"href":"https:\/\/www.fromagerieantony.fr\/de\/wp-json\/wp\/v2\/comments?post=2036"}],"version-history":[{"count":1,"href":"https:\/\/www.fromagerieantony.fr\/de\/wp-json\/wp\/v2\/pages\/2036\/revisions"}],"predecessor-version":[{"id":2037,"href":"https:\/\/www.fromagerieantony.fr\/de\/wp-json\/wp\/v2\/pages\/2036\/revisions\/2037"}],"wp:attachment":[{"href":"https:\/\/www.fromagerieantony.fr\/de\/wp-json\/wp\/v2\/media?parent=2036"}],"curies":[{"name":"wp","href":"https:\/\/api.w.org\/{rel}","templated":true}]}}