{"id":4163,"date":"2023-12-11T10:33:51","date_gmt":"2023-12-11T09:33:51","guid":{"rendered":"https:\/\/www.fromagerieantony.fr\/unterkuenfte-taxis\/"},"modified":"2026-03-03T08:27:01","modified_gmt":"2026-03-03T07:27:01","slug":"unterkuenfte-taxis","status":"publish","type":"page","link":"https:\/\/www.fromagerieantony.fr\/de\/unterkuenfte-taxis\/","title":{"rendered":"Unterk\u00fcnfte &amp; Taxis"},"content":{"rendered":"<style>.kadence-column4163_a337db-f8 > .kt-inside-inner-col,.kadence-column4163_a337db-f8 > .kt-inside-inner-col:before{border-top-left-radius:0px;border-top-right-radius:0px;border-bottom-right-radius:0px;border-bottom-left-radius:0px;}.kadence-column4163_a337db-f8 > .kt-inside-inner-col{column-gap:var(--global-kb-gap-sm, 1rem);}.kadence-column4163_a337db-f8 > .kt-inside-inner-col{flex-direction:column;}.kadence-column4163_a337db-f8 > .kt-inside-inner-col > .aligncenter{width:100%;}.kadence-column4163_a337db-f8 > .kt-inside-inner-col:before{opacity:0.3;}.kadence-column4163_a337db-f8{position:relative;}.kadence-column4163_a337db-f8, .kt-inside-inner-col > .kadence-column4163_a337db-f8:not(.specificity){margin-right:1.7%;margin-left:1.7%;}@media all and (max-width: 1024px){.kadence-column4163_a337db-f8 > .kt-inside-inner-col{flex-direction:column;justify-content:center;}}@media all and (max-width: 767px){.kadence-column4163_a337db-f8 > .kt-inside-inner-col{flex-direction:column;justify-content:center;}}<\/style>\n<div class=\"wp-block-kadence-column kadence-column4163_a337db-f8 inner-column-1\" id=\"banniere\"><div class=\"kt-inside-inner-col\">\n<div class=\"wp-block-cover\"><img loading=\"lazy\" decoding=\"async\" width=\"1920\" height=\"570\" class=\"wp-block-cover__image-background wp-image-3227\" alt=\"\" src=\"https:\/\/www.fromagerieantony.fr\/wp-content\/uploads\/2023\/12\/Photo_vue_drone.jpg\" data-object-fit=\"cover\" srcset=\"https:\/\/www.fromagerieantony.fr\/wp-content\/uploads\/2023\/12\/Photo_vue_drone.jpg 1920w, https:\/\/www.fromagerieantony.fr\/wp-content\/uploads\/2023\/12\/Photo_vue_drone-610x181.jpg 610w, https:\/\/www.fromagerieantony.fr\/wp-content\/uploads\/2023\/12\/Photo_vue_drone-1730x514.jpg 1730w, https:\/\/www.fromagerieantony.fr\/wp-content\/uploads\/2023\/12\/Photo_vue_drone-768x228.jpg 768w, https:\/\/www.fromagerieantony.fr\/wp-content\/uploads\/2023\/12\/Photo_vue_drone-1536x456.jpg 1536w, https:\/\/www.fromagerieantony.fr\/wp-content\/uploads\/2023\/12\/Photo_vue_drone-300x89.jpg 300w, https:\/\/www.fromagerieantony.fr\/wp-content\/uploads\/2023\/12\/Photo_vue_drone-450x134.jpg 450w, https:\/\/www.fromagerieantony.fr\/wp-content\/uploads\/2023\/12\/Photo_vue_drone-500x148.jpg 500w, https:\/\/www.fromagerieantony.fr\/wp-content\/uploads\/2023\/12\/Photo_vue_drone-800x238.jpg 800w, https:\/\/www.fromagerieantony.fr\/wp-content\/uploads\/2023\/12\/Photo_vue_drone-1280x380.jpg 1280w, https:\/\/www.fromagerieantony.fr\/wp-content\/uploads\/2023\/12\/Photo_vue_drone-825x245.jpg 825w\" sizes=\"auto, (max-width: 1920px) 100vw, 1920px\" \/><span aria-hidden=\"true\" class=\"wp-block-cover__background has-background-dim-0 has-background-dim\" style=\"background-color:#917358\"><\/span><div class=\"wp-block-cover__inner-container is-layout-flow wp-block-cover-is-layout-flow\">\n<p class=\"has-text-align-center has-large-font-size\"><\/p>\n<\/div><\/div>\n<\/div><\/div>\n\n\n\n<p><\/p>\n\n\n\n<h1 class=\"wp-block-heading has-text-align-center has-1-6-font-size\">Unterk\u00fcnfte &amp; Taxis  <\/h1>\n\n\n<style>.kb-row-layout-id4163_24bd6f-b0 > .kt-row-column-wrap{align-content:start;}:where(.kb-row-layout-id4163_24bd6f-b0 > .kt-row-column-wrap) > .wp-block-kadence-column{justify-content:start;}.kb-row-layout-id4163_24bd6f-b0 > .kt-row-column-wrap{column-gap:var(--global-kb-gap-md, 2rem);row-gap:var(--global-kb-gap-md, 2rem);padding-top:var(--global-kb-spacing-sm, 1.5rem);padding-bottom:var(--global-kb-spacing-sm, 1.5rem);grid-template-columns:minmax(0, 1fr);}.kb-row-layout-id4163_24bd6f-b0 > .kt-row-layout-overlay{opacity:0.30;}@media all and (max-width: 1024px){.kb-row-layout-id4163_24bd6f-b0 > .kt-row-column-wrap{grid-template-columns:minmax(0, 1fr);}}@media all and (max-width: 767px){.kb-row-layout-id4163_24bd6f-b0 > .kt-row-column-wrap{grid-template-columns:minmax(0, 1fr);}}<\/style><div class=\"kb-row-layout-wrap kb-row-layout-id4163_24bd6f-b0 alignnone wp-block-kadence-rowlayout\"><div class=\"kt-row-column-wrap kt-has-1-columns kt-row-layout-equal kt-tab-layout-inherit kt-mobile-layout-row kt-row-valign-top\">\n<style>.kadence-column4163_f8ad70-77 > .kt-inside-inner-col,.kadence-column4163_f8ad70-77 > .kt-inside-inner-col:before{border-top-left-radius:0px;border-top-right-radius:0px;border-bottom-right-radius:0px;border-bottom-left-radius:0px;}.kadence-column4163_f8ad70-77 > .kt-inside-inner-col{column-gap:var(--global-kb-gap-sm, 1rem);}.kadence-column4163_f8ad70-77 > .kt-inside-inner-col{flex-direction:column;}.kadence-column4163_f8ad70-77 > .kt-inside-inner-col > .aligncenter{width:100%;}.kadence-column4163_f8ad70-77 > .kt-inside-inner-col:before{opacity:0.3;}.kadence-column4163_f8ad70-77{position:relative;}@media all and (max-width: 1024px){.kadence-column4163_f8ad70-77 > .kt-inside-inner-col{flex-direction:column;justify-content:center;}}@media all and (max-width: 767px){.kadence-column4163_f8ad70-77 > .kt-inside-inner-col{flex-direction:column;justify-content:center;}}<\/style>\n<div class=\"wp-block-kadence-column kadence-column4163_f8ad70-77\"><div class=\"kt-inside-inner-col\"><style>.kb-row-layout-id4163_fbbc39-51 > .kt-row-column-wrap{align-content:start;}:where(.kb-row-layout-id4163_fbbc39-51 > .kt-row-column-wrap) > .wp-block-kadence-column{justify-content:start;}.kb-row-layout-id4163_fbbc39-51 > .kt-row-column-wrap{column-gap:var(--global-kb-gap-md, 2rem);row-gap:var(--global-kb-gap-md, 2rem);max-width:1500px;margin-left:auto;margin-right:auto;padding-top:var(--global-kb-spacing-sm, 1.5rem);padding-bottom:var(--global-kb-spacing-sm, 1.5rem);grid-template-columns:minmax(0, 1fr);}.kb-row-layout-id4163_fbbc39-51 > .kt-row-layout-overlay{opacity:0.30;}@media all and (max-width: 1024px){.kb-row-layout-id4163_fbbc39-51 > .kt-row-column-wrap{grid-template-columns:minmax(0, 1fr);}}@media all and (max-width: 767px){.kb-row-layout-id4163_fbbc39-51 > .kt-row-column-wrap{grid-template-columns:minmax(0, 1fr);}}<\/style><div class=\"kb-row-layout-wrap kb-row-layout-id4163_fbbc39-51 alignnone wp-block-kadence-rowlayout\"><div class=\"kt-row-column-wrap kt-has-1-columns kt-row-layout-equal kt-tab-layout-inherit kt-mobile-layout-row kt-row-valign-top\">\n<style>.kadence-column4163_5b0a48-cd > .kt-inside-inner-col,.kadence-column4163_5b0a48-cd > .kt-inside-inner-col:before{border-top-left-radius:0px;border-top-right-radius:0px;border-bottom-right-radius:0px;border-bottom-left-radius:0px;}.kadence-column4163_5b0a48-cd > .kt-inside-inner-col{column-gap:var(--global-kb-gap-sm, 1rem);}.kadence-column4163_5b0a48-cd > .kt-inside-inner-col{flex-direction:column;}.kadence-column4163_5b0a48-cd > .kt-inside-inner-col > .aligncenter{width:100%;}.kadence-column4163_5b0a48-cd > .kt-inside-inner-col:before{opacity:0.3;}.kadence-column4163_5b0a48-cd{position:relative;}@media all and (max-width: 1024px){.kadence-column4163_5b0a48-cd > .kt-inside-inner-col{flex-direction:column;justify-content:center;}}@media all and (max-width: 767px){.kadence-column4163_5b0a48-cd > .kt-inside-inner-col{flex-direction:column;justify-content:center;}}<\/style>\n<div class=\"wp-block-kadence-column kadence-column4163_5b0a48-cd\"><div class=\"kt-inside-inner-col\">\n<p class=\"has-text-align-center\">Um die Zeremonie bestm\u00f6glich zu genie\u00dfen, sollten Sie eine Nacht in Ferrette oder Umgebung verbringen. Entdecken Sie hier eine Liste von Hotels und G\u00e4stezimmern, die von uns ausgew\u00e4hlt wurden. Falls Sie nicht mehr fahren m\u00f6chten, finden Sie hier eine Liste von Taxis und Bussen, die nach Vieux-Ferrette fahren.<\/p>\n<\/div><\/div>\n\n<\/div><\/div><\/div><\/div>\n\n<\/div><\/div>\n\n<style>.kb-row-layout-wrap.wp-block-kadence-rowlayout.kb-row-layout-id4163_999d57-2d{margin-bottom:0px;}.kb-row-layout-id4163_999d57-2d > .kt-row-column-wrap{align-content:start;}:where(.kb-row-layout-id4163_999d57-2d > .kt-row-column-wrap) > .wp-block-kadence-column{justify-content:start;}.kb-row-layout-id4163_999d57-2d > .kt-row-column-wrap{column-gap:80px;row-gap:var(--global-kb-gap-md, 2rem);padding-top:0px;padding-bottom:50px;grid-template-columns:repeat(2, minmax(0, 1fr));}.kb-row-layout-id4163_999d57-2d > .kt-row-layout-overlay{opacity:0.30;}@media all and (max-width: 1024px){.kb-row-layout-id4163_999d57-2d > .kt-row-column-wrap{grid-template-columns:minmax(0, 1fr);}}@media all and (max-width: 767px){.kb-row-layout-id4163_999d57-2d > .kt-row-column-wrap{grid-template-columns:minmax(0, 1fr);}}<\/style><div class=\"kb-row-layout-wrap kb-row-layout-id4163_999d57-2d alignnone wrap wp-block-kadence-rowlayout\"><div class=\"kt-row-column-wrap kt-has-2-columns kt-row-layout-equal kt-tab-layout-row kt-mobile-layout-row kt-row-valign-top\">\n<style>.kadence-column4163_846d02-5d > .kt-inside-inner-col,.kadence-column4163_846d02-5d > .kt-inside-inner-col:before{border-top-left-radius:0px;border-top-right-radius:0px;border-bottom-right-radius:0px;border-bottom-left-radius:0px;}.kadence-column4163_846d02-5d > .kt-inside-inner-col{column-gap:var(--global-kb-gap-sm, 1rem);}.kadence-column4163_846d02-5d > .kt-inside-inner-col{flex-direction:column;}.kadence-column4163_846d02-5d > .kt-inside-inner-col > .aligncenter{width:100%;}.kadence-column4163_846d02-5d > .kt-inside-inner-col:before{opacity:0.3;}.kadence-column4163_846d02-5d{position:relative;}@media all and (max-width: 1024px){.kadence-column4163_846d02-5d > .kt-inside-inner-col{flex-direction:column;justify-content:center;}}@media all and (max-width: 767px){.kadence-column4163_846d02-5d > .kt-inside-inner-col{flex-direction:column;justify-content:center;}}<\/style>\n<div class=\"wp-block-kadence-column kadence-column4163_846d02-5d\"><div class=\"kt-inside-inner-col\">\n<h2 class=\"wp-block-heading\">Hotels<\/h2>\n\n\n\n<p><a href=\"https:\/\/www.aux2clefs.com\/\">H\u00d4TEL AUX 2 CLEFS **<\/a><br>218 rue Hennin Blenner, 68480, Moernach<br>10 min von der K\u00e4serei entfernt. <br>Tel. : +33 (0)6 08 32 22 52 \/ +33 (0)3 89 40 80 56<\/p>\n\n\n\n<p><a href=\"http:\/\/www.hotelcollin.fr\">H\u00d4TEL COLLIN **<\/a><br>4 rue du ch\u00e2teau, 68480, Ferrette<br>10 min von der K\u00e4serei entfernt.<br>T\u00e9l. : +33 (3) 89 40 40 72  <\/p>\n\n\n\n<p><a href=\"http:\/\/www.auberge-hostellerie-paysanne.com\">AUBERGE ET HOSTELLERIE PAYSANNE **<\/a><br>1 rue de Wolschwiller, 68480, Lutter<br>15 min von der K\u00e4serei entfernt. <br>Tel.: +33 (3) 89 40 71 67 \/+33 (3) 89 07 33 38<br>E-mail: aubergepaysanne2[at]wanadoo.fr <\/p>\n\n\n\n<p><a href=\"http:\/\/www.lemorimont.com\">H\u00d4TEL LE MORIMONT ***<\/a><br>Route des Ruines du Morimont, 68480, Oberlarg <br>15 min von der K\u00e4serei entfernt. <br>Tel. : +33 (3) 89 40 88 92 \/ +33 (3) 89 40 89 40<\/p>\n\n\n\n<p><a href=\"http:\/\/www.petitkohlberg.com\">H\u00d4TEL DU PETIT KOHLBERG **<\/a><br>Petit Kohlberg, 68480, Lucelle<br>15 min von der K\u00e4serei entfernt. <br>Tel. : +33 (3) 89 40 85 30 \/ +33 (3) 89 40 89 40<\/p>\n\n\n\n<p><a href=\"http:\/\/www.auberge-sundgovienne.fr\">AUBERGE SUNDGAUVIENNE ***<\/a><br>1 Route de Belfort, 68130, Carspach Altkirch<br>25 min von der K\u00e4serei entfernt. <br>Tel. : +33 (3) 89 40 97 18 \/ +33 (3) 89 40 67 73<\/p>\n<\/div><\/div>\n\n\n<style>.kadence-column4163_74b106-a3 > .kt-inside-inner-col{padding-bottom:0px;}.kadence-column4163_74b106-a3 > .kt-inside-inner-col,.kadence-column4163_74b106-a3 > .kt-inside-inner-col:before{border-top-left-radius:0px;border-top-right-radius:0px;border-bottom-right-radius:0px;border-bottom-left-radius:0px;}.kadence-column4163_74b106-a3 > .kt-inside-inner-col{column-gap:var(--global-kb-gap-sm, 1rem);}.kadence-column4163_74b106-a3 > .kt-inside-inner-col{flex-direction:column;}.kadence-column4163_74b106-a3 > .kt-inside-inner-col > .aligncenter{width:100%;}.kadence-column4163_74b106-a3 > .kt-inside-inner-col:before{opacity:0.3;}.kadence-column4163_74b106-a3{position:relative;}.kadence-column4163_74b106-a3, .kt-inside-inner-col > .kadence-column4163_74b106-a3:not(.specificity){margin-bottom:0px;}@media all and (max-width: 1024px){.kadence-column4163_74b106-a3 > .kt-inside-inner-col{flex-direction:column;justify-content:center;}}@media all and (max-width: 767px){.kadence-column4163_74b106-a3 > .kt-inside-inner-col{flex-direction:column;justify-content:center;}}<\/style>\n<div class=\"wp-block-kadence-column kadence-column4163_74b106-a3 inner-column-1\"><div class=\"kt-inside-inner-col\">\n<div class=\"wp-block-group\"><div class=\"wp-block-group__inner-container is-layout-constrained wp-block-group-is-layout-constrained\">\n<figure class=\"wp-block-image size-full\"><img loading=\"lazy\" decoding=\"async\" width=\"1094\" height=\"768\" src=\"https:\/\/www.fromagerieantony.fr\/wp-content\/uploads\/2024\/09\/Photo_interieur_gite.jpg\" alt=\"\" class=\"wp-image-3837\" srcset=\"https:\/\/www.fromagerieantony.fr\/wp-content\/uploads\/2024\/09\/Photo_interieur_gite.jpg 1094w, https:\/\/www.fromagerieantony.fr\/wp-content\/uploads\/2024\/09\/Photo_interieur_gite-610x428.jpg 610w, https:\/\/www.fromagerieantony.fr\/wp-content\/uploads\/2024\/09\/Photo_interieur_gite-768x539.jpg 768w, https:\/\/www.fromagerieantony.fr\/wp-content\/uploads\/2024\/09\/Photo_interieur_gite-300x211.jpg 300w, https:\/\/www.fromagerieantony.fr\/wp-content\/uploads\/2024\/09\/Photo_interieur_gite-450x316.jpg 450w, https:\/\/www.fromagerieantony.fr\/wp-content\/uploads\/2024\/09\/Photo_interieur_gite-500x351.jpg 500w, https:\/\/www.fromagerieantony.fr\/wp-content\/uploads\/2024\/09\/Photo_interieur_gite-800x562.jpg 800w, https:\/\/www.fromagerieantony.fr\/wp-content\/uploads\/2024\/09\/Photo_interieur_gite-825x579.jpg 825w\" sizes=\"auto, (max-width: 1094px) 100vw, 1094px\" \/><\/figure>\n\n\n\n<h2 class=\"wp-block-heading\">Ferienwohnungen &amp; G\u00e4stezimmer<\/h2>\n\n\n\n<p><a href=\"http:\/\/www.maison5temps.com\">LA MAISON DES 5 TEMPS<\/a> <br>5 rue St. Bernard, 68480, Ferrette<br>10 min von der K\u00e4serei entfernt.<br>Tel. : +33 (3) 89 40 38 31 \/+33 (6) 31 90 93 20<\/p>\n\n\n\n<p><a href=\"http:\/\/www.maison5temps.com\">LE FELSENECK<\/a><br>42 rue du ch\u00e2teau, 68480, Ferrette<br>10 min von der K\u00e4serei entfernt.<br>T\u00e9l. :+33 (6) 68 05 57 52 <a href=\"http:\/\/www.lefelseneck.fr\">www.lefelseneck.fr<\/a>.<\/p>\n\n\n\n<p><a href=\"http:\/\/www.lerelaisdescomtes.fr\">LE RELAIS DES COMTES<\/a><br>25 rue du ch\u00e2teau, 68480, Ferrette<br>10 min von der K\u00e4serei entfernt. <br>Tel. : +33 (3) 89 40 35 06 \/ +33 (3) 89 67 52 67<\/p>\n\n\n\n<p><a href=\"http:\/\/www.lerelaisdescomtes.fr\">HERBES ET COLLINES<\/a><br>36 rue principale , 68480, Winkel<br>15 min von der K\u00e4serei entfernt. <br>T\u00e9l. : T\u00e9l. : +33 (7) 57 51 08 08 briheusch@live.fr<\/p>\n<\/div><\/div>\n\n\n\n<p><\/p>\n\n\n\n<div class=\"wp-block-group\"><div class=\"wp-block-group__inner-container is-layout-constrained wp-block-group-is-layout-constrained\">\n<h2 class=\"wp-block-heading\">Taxis<\/h2>\n\n\n\n<p><em>Ferrette <\/em><br>Tel. : +33 (6) 73 69 90 60<\/p>\n\n\n\n<p><em>Hagenthal<\/em><br>Tel. : +33 (6) 30 94 42 06<\/p>\n\n\n\n<p><em>Mulhouse <\/em><br>Tel. : 0033 (7) 67 50 81 37<\/p>\n\n\n\n<p><em>Taxi Easy in Saint-Louis<\/em><br>. : 0033 (3) 89 70 08 88<\/p>\n\n\n\n<p><em>Taxi-Telly (in Porrentruy, Schweiz)<\/em><br>Tel: 0041 (0800 800 311)<\/p>\n\n\n\n<h2 class=\"wp-block-heading\">Bus<\/h2>\n\n\n\n<p><em>Sundgau Voyage in Pfetterhouse<\/em><br>Tel. 0033 (3) 89 25 66 65<\/p>\n<\/div><\/div>\n\n\n\n<div style=\"height:50px\" aria-hidden=\"true\" class=\"wp-block-spacer\"><\/div>\n<\/div><\/div>\n\n<\/div><\/div>","protected":false},"excerpt":{"rendered":"<p>Unterk\u00fcnfte &amp; Taxis Um die Zeremonie bestm\u00f6glich zu genie\u00dfen, sollten Sie eine Nacht in Ferrette oder Umgebung verbringen. Entdecken Sie hier eine Liste von Hotels und G\u00e4stezimmern, die von uns&#8230;<\/p>\n","protected":false},"author":1,"featured_media":0,"parent":0,"menu_order":0,"comment_status":"closed","ping_status":"closed","template":"","meta":{"_acf_changed":false,"_vp_format_video_url":"","_vp_image_focal_point":[],"footnotes":""},"class_list":["post-4163","page","type-page","status-publish","hentry"],"acf":[],"yoast_head":"<!-- This site is optimized with the Yoast SEO plugin v25.5 - https:\/\/yoast.com\/wordpress\/plugins\/seo\/ -->\n<title>Unterk\u00fcnfte &amp; Taxis | Fromagerie Antony<\/title>\n<meta name=\"robots\" content=\"index, follow, max-snippet:-1, max-image-preview:large, max-video-preview:-1\" \/>\n<link rel=\"canonical\" href=\"https:\/\/www.fromagerieantony.fr\/de\/unterkuenfte-taxis\/\" \/>\n<meta property=\"og:locale\" content=\"de_DE\" \/>\n<meta property=\"og:type\" content=\"article\" \/>\n<meta property=\"og:title\" content=\"Unterk\u00fcnfte &amp; Taxis | Fromagerie Antony\" \/>\n<meta property=\"og:description\" content=\"Unterk\u00fcnfte &amp; Taxis Um die Zeremonie bestm\u00f6glich zu genie\u00dfen, sollten Sie eine Nacht in Ferrette oder Umgebung verbringen. Entdecken Sie hier eine Liste von Hotels und G\u00e4stezimmern, die von uns...\" \/>\n<meta property=\"og:url\" content=\"https:\/\/www.fromagerieantony.fr\/de\/unterkuenfte-taxis\/\" \/>\n<meta property=\"og:site_name\" content=\"Fromagerie Antony\" \/>\n<meta property=\"article:publisher\" content=\"https:\/\/www.facebook.com\/pages\/Fromagerie-Antony\/175485739234966\" \/>\n<meta property=\"article:modified_time\" content=\"2026-03-03T07:27:01+00:00\" \/>\n<meta property=\"og:image\" content=\"https:\/\/www.fromagerieantony.fr\/wp-content\/uploads\/2023\/12\/Photo_vue_drone.jpg\" \/>\n\t<meta property=\"og:image:width\" content=\"1920\" \/>\n\t<meta property=\"og:image:height\" content=\"570\" \/>\n\t<meta property=\"og:image:type\" content=\"image\/jpeg\" \/>\n<meta name=\"twitter:card\" content=\"summary_large_image\" \/>\n<meta name=\"twitter:label1\" content=\"Gesch\u00e4tzte Lesezeit\" \/>\n\t<meta name=\"twitter:data1\" content=\"3\u00a0Minuten\" \/>\n<script type=\"application\/ld+json\" class=\"yoast-schema-graph\">{\"@context\":\"https:\/\/schema.org\",\"@graph\":[{\"@type\":\"WebPage\",\"@id\":\"https:\/\/www.fromagerieantony.fr\/de\/unterkuenfte-taxis\/\",\"url\":\"https:\/\/www.fromagerieantony.fr\/de\/unterkuenfte-taxis\/\",\"name\":\"Unterk\u00fcnfte &amp; Taxis | Fromagerie Antony\",\"isPartOf\":{\"@id\":\"https:\/\/www.fromagerieantony.fr\/de\/#website\"},\"primaryImageOfPage\":{\"@id\":\"https:\/\/www.fromagerieantony.fr\/de\/unterkuenfte-taxis\/#primaryimage\"},\"image\":{\"@id\":\"https:\/\/www.fromagerieantony.fr\/de\/unterkuenfte-taxis\/#primaryimage\"},\"thumbnailUrl\":\"https:\/\/www.fromagerieantony.fr\/wp-content\/uploads\/2023\/12\/Photo_vue_drone.jpg\",\"datePublished\":\"2023-12-11T09:33:51+00:00\",\"dateModified\":\"2026-03-03T07:27:01+00:00\",\"breadcrumb\":{\"@id\":\"https:\/\/www.fromagerieantony.fr\/de\/unterkuenfte-taxis\/#breadcrumb\"},\"inLanguage\":\"de\",\"potentialAction\":[{\"@type\":\"ReadAction\",\"target\":[\"https:\/\/www.fromagerieantony.fr\/de\/unterkuenfte-taxis\/\"]}]},{\"@type\":\"ImageObject\",\"inLanguage\":\"de\",\"@id\":\"https:\/\/www.fromagerieantony.fr\/de\/unterkuenfte-taxis\/#primaryimage\",\"url\":\"https:\/\/www.fromagerieantony.fr\/wp-content\/uploads\/2023\/12\/Photo_vue_drone.jpg\",\"contentUrl\":\"https:\/\/www.fromagerieantony.fr\/wp-content\/uploads\/2023\/12\/Photo_vue_drone.jpg\"},{\"@type\":\"BreadcrumbList\",\"@id\":\"https:\/\/www.fromagerieantony.fr\/de\/unterkuenfte-taxis\/#breadcrumb\",\"itemListElement\":[{\"@type\":\"ListItem\",\"position\":1,\"name\":\"Startseite\",\"item\":\"https:\/\/www.fromagerieantony.fr\/de\/\"},{\"@type\":\"ListItem\",\"position\":2,\"name\":\"Unterk\u00fcnfte &amp; Taxis\"}]},{\"@type\":\"WebSite\",\"@id\":\"https:\/\/www.fromagerieantony.fr\/de\/#website\",\"url\":\"https:\/\/www.fromagerieantony.fr\/de\/\",\"name\":\"Fromagerie Antony\",\"description\":\"Eleveur de fromages\",\"publisher\":{\"@id\":\"https:\/\/www.fromagerieantony.fr\/de\/#organization\"},\"potentialAction\":[{\"@type\":\"SearchAction\",\"target\":{\"@type\":\"EntryPoint\",\"urlTemplate\":\"https:\/\/www.fromagerieantony.fr\/de\/?s={search_term_string}\"},\"query-input\":{\"@type\":\"PropertyValueSpecification\",\"valueRequired\":true,\"valueName\":\"search_term_string\"}}],\"inLanguage\":\"de\"},{\"@type\":\"Organization\",\"@id\":\"https:\/\/www.fromagerieantony.fr\/de\/#organization\",\"name\":\"Fromagerie Antony\",\"url\":\"https:\/\/www.fromagerieantony.fr\/de\/\",\"logo\":{\"@type\":\"ImageObject\",\"inLanguage\":\"de\",\"@id\":\"https:\/\/www.fromagerieantony.fr\/de\/#\/schema\/logo\/image\/\",\"url\":\"https:\/\/www.fromagerieantony.fr\/wp-content\/uploads\/2022\/12\/logo.png\",\"contentUrl\":\"https:\/\/www.fromagerieantony.fr\/wp-content\/uploads\/2022\/12\/logo.png\",\"width\":249,\"height\":137,\"caption\":\"Fromagerie Antony\"},\"image\":{\"@id\":\"https:\/\/www.fromagerieantony.fr\/de\/#\/schema\/logo\/image\/\"},\"sameAs\":[\"https:\/\/www.facebook.com\/pages\/Fromagerie-Antony\/175485739234966\"]}]}<\/script>\n<!-- \/ Yoast SEO plugin. -->","yoast_head_json":{"title":"Unterk\u00fcnfte &amp; Taxis | Fromagerie Antony","robots":{"index":"index","follow":"follow","max-snippet":"max-snippet:-1","max-image-preview":"max-image-preview:large","max-video-preview":"max-video-preview:-1"},"canonical":"https:\/\/www.fromagerieantony.fr\/de\/unterkuenfte-taxis\/","og_locale":"de_DE","og_type":"article","og_title":"Unterk\u00fcnfte &amp; Taxis | Fromagerie Antony","og_description":"Unterk\u00fcnfte &amp; Taxis Um die Zeremonie bestm\u00f6glich zu genie\u00dfen, sollten Sie eine Nacht in Ferrette oder Umgebung verbringen. Entdecken Sie hier eine Liste von Hotels und G\u00e4stezimmern, die von uns...","og_url":"https:\/\/www.fromagerieantony.fr\/de\/unterkuenfte-taxis\/","og_site_name":"Fromagerie Antony","article_publisher":"https:\/\/www.facebook.com\/pages\/Fromagerie-Antony\/175485739234966","article_modified_time":"2026-03-03T07:27:01+00:00","og_image":[{"width":1920,"height":570,"url":"https:\/\/www.fromagerieantony.fr\/wp-content\/uploads\/2023\/12\/Photo_vue_drone.jpg","type":"image\/jpeg"}],"twitter_card":"summary_large_image","twitter_misc":{"Gesch\u00e4tzte Lesezeit":"3\u00a0Minuten"},"schema":{"@context":"https:\/\/schema.org","@graph":[{"@type":"WebPage","@id":"https:\/\/www.fromagerieantony.fr\/de\/unterkuenfte-taxis\/","url":"https:\/\/www.fromagerieantony.fr\/de\/unterkuenfte-taxis\/","name":"Unterk\u00fcnfte &amp; Taxis | Fromagerie Antony","isPartOf":{"@id":"https:\/\/www.fromagerieantony.fr\/de\/#website"},"primaryImageOfPage":{"@id":"https:\/\/www.fromagerieantony.fr\/de\/unterkuenfte-taxis\/#primaryimage"},"image":{"@id":"https:\/\/www.fromagerieantony.fr\/de\/unterkuenfte-taxis\/#primaryimage"},"thumbnailUrl":"https:\/\/www.fromagerieantony.fr\/wp-content\/uploads\/2023\/12\/Photo_vue_drone.jpg","datePublished":"2023-12-11T09:33:51+00:00","dateModified":"2026-03-03T07:27:01+00:00","breadcrumb":{"@id":"https:\/\/www.fromagerieantony.fr\/de\/unterkuenfte-taxis\/#breadcrumb"},"inLanguage":"de","potentialAction":[{"@type":"ReadAction","target":["https:\/\/www.fromagerieantony.fr\/de\/unterkuenfte-taxis\/"]}]},{"@type":"ImageObject","inLanguage":"de","@id":"https:\/\/www.fromagerieantony.fr\/de\/unterkuenfte-taxis\/#primaryimage","url":"https:\/\/www.fromagerieantony.fr\/wp-content\/uploads\/2023\/12\/Photo_vue_drone.jpg","contentUrl":"https:\/\/www.fromagerieantony.fr\/wp-content\/uploads\/2023\/12\/Photo_vue_drone.jpg"},{"@type":"BreadcrumbList","@id":"https:\/\/www.fromagerieantony.fr\/de\/unterkuenfte-taxis\/#breadcrumb","itemListElement":[{"@type":"ListItem","position":1,"name":"Startseite","item":"https:\/\/www.fromagerieantony.fr\/de\/"},{"@type":"ListItem","position":2,"name":"Unterk\u00fcnfte &amp; Taxis"}]},{"@type":"WebSite","@id":"https:\/\/www.fromagerieantony.fr\/de\/#website","url":"https:\/\/www.fromagerieantony.fr\/de\/","name":"Fromagerie Antony","description":"Eleveur de fromages","publisher":{"@id":"https:\/\/www.fromagerieantony.fr\/de\/#organization"},"potentialAction":[{"@type":"SearchAction","target":{"@type":"EntryPoint","urlTemplate":"https:\/\/www.fromagerieantony.fr\/de\/?s={search_term_string}"},"query-input":{"@type":"PropertyValueSpecification","valueRequired":true,"valueName":"search_term_string"}}],"inLanguage":"de"},{"@type":"Organization","@id":"https:\/\/www.fromagerieantony.fr\/de\/#organization","name":"Fromagerie Antony","url":"https:\/\/www.fromagerieantony.fr\/de\/","logo":{"@type":"ImageObject","inLanguage":"de","@id":"https:\/\/www.fromagerieantony.fr\/de\/#\/schema\/logo\/image\/","url":"https:\/\/www.fromagerieantony.fr\/wp-content\/uploads\/2022\/12\/logo.png","contentUrl":"https:\/\/www.fromagerieantony.fr\/wp-content\/uploads\/2022\/12\/logo.png","width":249,"height":137,"caption":"Fromagerie Antony"},"image":{"@id":"https:\/\/www.fromagerieantony.fr\/de\/#\/schema\/logo\/image\/"},"sameAs":["https:\/\/www.facebook.com\/pages\/Fromagerie-Antony\/175485739234966"]}]}},"_links":{"self":[{"href":"https:\/\/www.fromagerieantony.fr\/de\/wp-json\/wp\/v2\/pages\/4163","targetHints":{"allow":["GET"]}}],"collection":[{"href":"https:\/\/www.fromagerieantony.fr\/de\/wp-json\/wp\/v2\/pages"}],"about":[{"href":"https:\/\/www.fromagerieantony.fr\/de\/wp-json\/wp\/v2\/types\/page"}],"author":[{"embeddable":true,"href":"https:\/\/www.fromagerieantony.fr\/de\/wp-json\/wp\/v2\/users\/1"}],"replies":[{"embeddable":true,"href":"https:\/\/www.fromagerieantony.fr\/de\/wp-json\/wp\/v2\/comments?post=4163"}],"version-history":[{"count":7,"href":"https:\/\/www.fromagerieantony.fr\/de\/wp-json\/wp\/v2\/pages\/4163\/revisions"}],"predecessor-version":[{"id":4616,"href":"https:\/\/www.fromagerieantony.fr\/de\/wp-json\/wp\/v2\/pages\/4163\/revisions\/4616"}],"wp:attachment":[{"href":"https:\/\/www.fromagerieantony.fr\/de\/wp-json\/wp\/v2\/media?parent=4163"}],"curies":[{"name":"wp","href":"https:\/\/api.w.org\/{rel}","templated":true}]}}